{"id":152,"date":"2025-05-19T16:36:11","date_gmt":"2025-05-19T16:36:11","guid":{"rendered":"https:\/\/prod.printsmilepro.ma\/?page_id=152"},"modified":"2025-05-27T14:52:20","modified_gmt":"2025-05-27T14:52:20","slug":"e-mailings","status":"publish","type":"page","link":"https:\/\/prod.printsmilepro.ma\/it\/e-mailings\/","title":{"rendered":"E-mailing"},"content":{"rendered":"<div id=\"fws_69fdfff2e81ca\"  data-column-margin=\"40px\" data-midnight=\"dark\"  class=\"wpb_row vc_row-fluid vc_row vc_row-o-equal-height vc_row-flex vc_row-o-content-middle  top_margin_40px bottom_margin_40px\"  style=\"padding-top: 0px; padding-bottom: 0px; \"><div class=\"row-bg-wrap\" data-bg-animation=\"none\" data-bg-animation-delay=\"\" data-bg-overlay=\"false\"><div class=\"inner-wrap row-bg-layer\" ><div class=\"row-bg viewport-desktop\"  style=\"\"><\/div><\/div><\/div><div class=\"row_col_wrap_12 col span_12 dark left\">\n\t<div  class=\"vc_col-sm-6 wpb_column column_container vc_column_container col no-extra-padding inherit_tablet inherit_phone\"  data-padding-pos=\"all\" data-has-bg-color=\"false\" data-bg-color=\"\" data-bg-opacity=\"1\" data-animation=\"\" data-delay=\"0\" >\n\t\t<div class=\"vc_column-inner\" >\n\t\t\t<div class=\"wpb_wrapper\">\n\t\t\t\t\n<div class=\"wpb_text_column wpb_content_element\" >\n\t<div class=\"wpb_wrapper\">\n\t\t<h2 class=\"AnswerParser_AnswerParserH3__Mpe4s\"><strong>Impression d&rsquo;E-mailings<\/strong><\/h2>\n\t<\/div>\n<\/div>\n\n\n\n\n<div class=\"wpb_text_column wpb_content_element\" >\n\t<div class=\"wpb_wrapper\">\n\t\t<p>Bien que le terme \u00ab\u00a0e-mailings\u00a0\u00bb r\u00e9f\u00e8re principalement \u00e0 des campagnes de marketing digital, il est \u00e9galement possible d&rsquo;imprimer des versions physiques de vos e-mailings pour des envois directs ou des pr\u00e9sentations. \u00c0 Casablanca, Print Smile Pro propose des services d&rsquo;impression d&rsquo;e-mailings qui vous permettent de transformer vos campagnes num\u00e9riques en supports imprim\u00e9s, offrant ainsi une port\u00e9e suppl\u00e9mentaire \u00e0 votre communication.<\/p>\n\t<\/div>\n<\/div>\n\n\n\n\n\t\t\t<\/div> \n\t\t<\/div>\n\t<\/div> \n\n\t<div  class=\"vc_col-sm-6 wpb_column column_container vc_column_container col no-extra-padding inherit_tablet inherit_phone\"  data-padding-pos=\"all\" data-has-bg-color=\"false\" data-bg-color=\"\" data-bg-opacity=\"1\" data-animation=\"\" data-delay=\"0\" >\n\t\t<div class=\"vc_column-inner\" >\n\t\t\t<div class=\"wpb_wrapper\">\n\t\t\t\t<div class=\"img-with-aniamtion-wrap\" data-max-width=\"100%\" data-max-width-mobile=\"default\" data-shadow=\"none\" data-animation=\"none\" >\n      <div class=\"inner\">\n        <div class=\"hover-wrap\"> \n          <div class=\"hover-wrap-inner\">\n            <img loading=\"lazy\" decoding=\"async\" class=\"img-with-animation skip-lazy\" data-delay=\"0\" height=\"100\" width=\"100\" data-animation=\"none\" src=\"https:\/\/prod.printsmilepro.ma\/wp-content\/uploads\/2025\/05\/a798cdcf-cf5e-4307-ab85-c07aef3fdbd2.avif\" alt=\"\"  \/>\n          <\/div>\n        <\/div>\n      <\/div>\n    <\/div>\n\t\t\t<\/div> \n\t\t<\/div>\n\t<\/div> \n<\/div><\/div>\n\t\t<div id=\"fws_69fdfff2e85ff\"  data-column-margin=\"40px\" data-midnight=\"dark\"  class=\"wpb_row vc_row-fluid vc_row full-width-section vc_row-o-equal-height vc_row-flex vc_row-o-content-middle  top_margin_40px bottom_margin_40px\"  style=\"padding-top: 40px; padding-bottom: 40px; \"><div class=\"row-bg-wrap\" data-bg-animation=\"none\" data-bg-animation-delay=\"\" data-bg-overlay=\"false\"><div class=\"inner-wrap row-bg-layer\" ><div class=\"row-bg viewport-desktop using-bg-color\"  style=\"background-color: #d3d3d3; \"><\/div><\/div><\/div><div class=\"row_col_wrap_12 col span_12 dark left\">\n\t<div  class=\"vc_col-sm-6 wpb_column column_container vc_column_container col no-extra-padding inherit_tablet inherit_phone\"  data-padding-pos=\"all\" data-has-bg-color=\"false\" data-bg-color=\"\" data-bg-opacity=\"1\" data-animation=\"\" data-delay=\"0\" >\n\t\t<div class=\"vc_column-inner\" >\n\t\t\t<div class=\"wpb_wrapper\">\n\t\t\t\t<div class=\"img-with-aniamtion-wrap\" data-max-width=\"100%\" data-max-width-mobile=\"default\" data-shadow=\"none\" data-animation=\"none\" >\n      <div class=\"inner\">\n        <div class=\"hover-wrap\"> \n          <div class=\"hover-wrap-inner\">\n            <img loading=\"lazy\" decoding=\"async\" class=\"img-with-animation skip-lazy\" data-delay=\"0\" height=\"100\" width=\"100\" data-animation=\"none\" src=\"https:\/\/prod.printsmilepro.ma\/wp-content\/uploads\/2025\/05\/7db80c2a-0c54-4e4c-b8cc-628f1ddca763.avif\" alt=\"\"  \/>\n          <\/div>\n        <\/div>\n      <\/div>\n    <\/div>\n\t\t\t<\/div> \n\t\t<\/div>\n\t<\/div> \n\n\t<div  class=\"vc_col-sm-6 wpb_column column_container vc_column_container col no-extra-padding inherit_tablet inherit_phone\"  data-padding-pos=\"all\" data-has-bg-color=\"false\" data-bg-color=\"\" data-bg-opacity=\"1\" data-animation=\"\" data-delay=\"0\" >\n\t\t<div class=\"vc_column-inner\" >\n\t\t\t<div class=\"wpb_wrapper\">\n\t\t\t\t\n<div class=\"wpb_text_column wpb_content_element\" >\n\t<div class=\"wpb_wrapper\">\n\t\t<h2 class=\"AnswerParser_AnswerParserH3__Mpe4s\"><strong>Impression d&rsquo;E-mailings<\/strong><\/h2>\n\t<\/div>\n<\/div>\n\n\n\n\n<div class=\"wpb_text_column wpb_content_element\" >\n\t<div class=\"wpb_wrapper\">\n\t\t<p><span class=\"AnswerParser_TextContainer__z_Iiv\" data-testid=\"youchat-text\">Les e-mailings imprim\u00e9s peuvent \u00eatre utilis\u00e9s de plusieurs mani\u00e8res, notamment :<\/span><\/p>\n<ul class=\"AnswerParser_AnswerParserUnorderedList__P_1FW\">\n<li class=\"AnswerParser_ListItem__XqLOV\" translate=\"yes\"><strong>Envois Postaux<\/strong>\u00a0: Envoyez des lettres d&rsquo;information, des promotions ou des invitations \u00e0 vos clients.<\/li>\n<li class=\"AnswerParser_ListItem__XqLOV\" translate=\"yes\"><strong>Mat\u00e9riel de Pr\u00e9sentation<\/strong>\u00a0: Utilisez-les lors de salons, de foires commerciales ou d&rsquo;\u00e9v\u00e9nements pour renforcer votre pr\u00e9sence.<\/li>\n<li class=\"AnswerParser_ListItem__XqLOV\" translate=\"no\"><strong>Supports de Vente<\/strong>\u00a0: Offrez des versions imprim\u00e9es de vos e-mailings \u00e0 vos \u00e9quipes de vente pour faciliter les discussions avec les clients.<\/li>\n<\/ul>\n\t<\/div>\n<\/div>\n\n\n\n\n\t\t\t<\/div> \n\t\t<\/div>\n\t<\/div> \n<\/div><\/div>\n\t\t<div id=\"fws_69fdfff2e8903\"  data-column-margin=\"40px\" data-midnight=\"dark\"  class=\"wpb_row vc_row-fluid vc_row vc_row-o-equal-height vc_row-flex vc_row-o-content-middle  top_margin_40px bottom_margin_40px\"  style=\"padding-top: 0px; padding-bottom: 0px; \"><div class=\"row-bg-wrap\" data-bg-animation=\"none\" data-bg-animation-delay=\"\" data-bg-overlay=\"false\"><div class=\"inner-wrap row-bg-layer\" ><div class=\"row-bg viewport-desktop\"  style=\"\"><\/div><\/div><\/div><div class=\"row_col_wrap_12 col span_12 dark left\">\n\t<div  class=\"vc_col-sm-6 wpb_column column_container vc_column_container col no-extra-padding inherit_tablet inherit_phone\"  data-padding-pos=\"all\" data-has-bg-color=\"false\" data-bg-color=\"\" data-bg-opacity=\"1\" data-animation=\"\" data-delay=\"0\" >\n\t\t<div class=\"vc_column-inner\" >\n\t\t\t<div class=\"wpb_wrapper\">\n\t\t\t\t\n<div class=\"wpb_text_column wpb_content_element\" >\n\t<div class=\"wpb_wrapper\">\n\t\t<h2 class=\"AnswerParser_AnswerParserH3__Mpe4s\"><strong>Impression d&rsquo;E-mailings<\/strong><\/h2>\n\t<\/div>\n<\/div>\n\n\n\n\n<div class=\"wpb_text_column wpb_content_element\" >\n\t<div class=\"wpb_wrapper\">\n\t\t<p data-start=\"147\" data-end=\"204\">Chez Print Smile Pro, nous nous engageons \u00e0 fournir un service client de qualit\u00e9 et une livraison rapide dans toute la r\u00e9gion de Casablanca et au-del\u00e0. Notre \u00e9quipe est disponible pour vous conseiller sur les meilleures options d&rsquo;impression et pour vous aider \u00e0 cr\u00e9er des e-mailings imprim\u00e9s qui r\u00e9pondent parfaitement \u00e0 vos besoins. Faites confiance \u00e0 Print Smile Pro pour des e-mailings imprim\u00e9s de haute qualit\u00e9 qui renforceront votre communication et votre impact marketing !<\/p>\n\t<\/div>\n<\/div>\n\n\n\n\n\t\t\t<\/div> \n\t\t<\/div>\n\t<\/div> \n\n\t<div  class=\"vc_col-sm-6 wpb_column column_container vc_column_container col no-extra-padding inherit_tablet inherit_phone\"  data-padding-pos=\"all\" data-has-bg-color=\"false\" data-bg-color=\"\" data-bg-opacity=\"1\" data-animation=\"\" data-delay=\"0\" >\n\t\t<div class=\"vc_column-inner\" >\n\t\t\t<div class=\"wpb_wrapper\">\n\t\t\t\t<div class=\"img-with-aniamtion-wrap\" data-max-width=\"100%\" data-max-width-mobile=\"default\" data-shadow=\"none\" data-animation=\"none\" >\n      <div class=\"inner\">\n        <div class=\"hover-wrap\"> \n          <div class=\"hover-wrap-inner\">\n            <img loading=\"lazy\" decoding=\"async\" class=\"img-with-animation skip-lazy\" data-delay=\"0\" height=\"100\" width=\"100\" data-animation=\"none\" src=\"https:\/\/prod.printsmilepro.ma\/wp-content\/uploads\/2025\/05\/78c787e7-38e1-4222-9ddb-37143660597f.avif\" alt=\"\"  \/>\n          <\/div>\n        <\/div>\n      <\/div>\n    <\/div>\n\t\t\t<\/div> \n\t\t<\/div>\n\t<\/div> \n<\/div><\/div>","protected":false},"excerpt":{"rendered":"Impression d'E-mailings Bien que le terme \"e-mailings\" r\u00e9f\u00e8re principalement \u00e0 des campagnes de marketing digital, il est \u00e9galement possible d'imprimer des versions physiques de vos e-mailings pour des envois directs...","protected":false},"author":1,"featured_media":0,"parent":0,"menu_order":0,"comment_status":"closed","ping_status":"closed","template":"","meta":{"_joinchat":[],"footnotes":""},"class_list":["post-152","page","type-page","status-publish"],"yoast_head":"<!-- This site is optimized with the Yoast SEO plugin v25.2 - https:\/\/yoast.com\/wordpress\/plugins\/seo\/ -->\n<title>Impression d\u2019E-mailings \u00e0 Casablanca, Maroc<\/title>\n<meta name=\"description\" content=\"L&#039;impression d&#039;e-mailings est une strat\u00e9gie essentielle pour les entreprises souhaitant atteindre efficacement leurs clients et prospects. \u00c0 Casablanca Maroc\" \/>\n<meta name=\"robots\" content=\"noindex, follow, max-snippet:-1, max-image-preview:large, max-video-preview:-1\" \/>\n<meta property=\"og:locale\" content=\"it_IT\" \/>\n<meta property=\"og:type\" content=\"article\" \/>\n<meta property=\"og:title\" content=\"Impression d\u2019E-mailings \u00e0 Casablanca, Maroc\" \/>\n<meta property=\"og:description\" content=\"L&#039;impression d&#039;e-mailings est une strat\u00e9gie essentielle pour les entreprises souhaitant atteindre efficacement leurs clients et prospects. \u00c0 Casablanca Maroc\" \/>\n<meta property=\"og:url\" content=\"https:\/\/prod.printsmilepro.ma\/it\/e-mailings\/\" \/>\n<meta property=\"og:site_name\" content=\"Print Smile Pro\" \/>\n<meta property=\"article:modified_time\" content=\"2025-05-27T14:52:20+00:00\" \/>\n<meta name=\"twitter:card\" content=\"summary_large_image\" \/>\n<meta name=\"twitter:label1\" content=\"Tempo di lettura stimato\" \/>\n\t<meta name=\"twitter:data1\" content=\"2 minuti\" \/>\n<script type=\"application\/ld+json\" class=\"yoast-schema-graph\">{\"@context\":\"https:\/\/schema.org\",\"@graph\":[{\"@type\":\"WebPage\",\"@id\":\"https:\/\/prod.printsmilepro.ma\/e-mailings\/\",\"url\":\"https:\/\/prod.printsmilepro.ma\/e-mailings\/\",\"name\":\"Impression d\u2019E-mailings \u00e0 Casablanca, Maroc\",\"isPartOf\":{\"@id\":\"https:\/\/prod.printsmilepro.ma\/#website\"},\"datePublished\":\"2025-05-19T16:36:11+00:00\",\"dateModified\":\"2025-05-27T14:52:20+00:00\",\"description\":\"L'impression d'e-mailings est une strat\u00e9gie essentielle pour les entreprises souhaitant atteindre efficacement leurs clients et prospects. \u00c0 Casablanca Maroc\",\"breadcrumb\":{\"@id\":\"https:\/\/prod.printsmilepro.ma\/e-mailings\/#breadcrumb\"},\"inLanguage\":\"it-IT\",\"potentialAction\":[{\"@type\":\"ReadAction\",\"target\":[\"https:\/\/prod.printsmilepro.ma\/e-mailings\/\"]}]},{\"@type\":\"BreadcrumbList\",\"@id\":\"https:\/\/prod.printsmilepro.ma\/e-mailings\/#breadcrumb\",\"itemListElement\":[{\"@type\":\"ListItem\",\"position\":1,\"name\":\"Accueil\",\"item\":\"https:\/\/prod.printsmilepro.ma\/\"},{\"@type\":\"ListItem\",\"position\":2,\"name\":\"E-mailings\"}]},{\"@type\":\"WebSite\",\"@id\":\"https:\/\/prod.printsmilepro.ma\/#website\",\"url\":\"https:\/\/prod.printsmilepro.ma\/\",\"name\":\"Print Smile Pro\",\"description\":\"Votre partenaire id\u00e9al pour la r\u00e9alisation de tous vos travaux d&#039;impression offset et num\u00e9rique\",\"publisher\":{\"@id\":\"https:\/\/prod.printsmilepro.ma\/#organization\"},\"potentialAction\":[{\"@type\":\"SearchAction\",\"target\":{\"@type\":\"EntryPoint\",\"urlTemplate\":\"https:\/\/prod.printsmilepro.ma\/?s={search_term_string}\"},\"query-input\":{\"@type\":\"PropertyValueSpecification\",\"valueRequired\":true,\"valueName\":\"search_term_string\"}}],\"inLanguage\":\"it-IT\"},{\"@type\":\"Organization\",\"@id\":\"https:\/\/prod.printsmilepro.ma\/#organization\",\"name\":\"Print Smile Pro\",\"url\":\"https:\/\/prod.printsmilepro.ma\/\",\"logo\":{\"@type\":\"ImageObject\",\"inLanguage\":\"it-IT\",\"@id\":\"https:\/\/prod.printsmilepro.ma\/#\/schema\/logo\/image\/\",\"url\":\"https:\/\/prod.printsmilepro.ma\/wp-content\/uploads\/2025\/05\/logo-2.png\",\"contentUrl\":\"https:\/\/prod.printsmilepro.ma\/wp-content\/uploads\/2025\/05\/logo-2.png\",\"width\":194,\"height\":80,\"caption\":\"Print Smile Pro\"},\"image\":{\"@id\":\"https:\/\/prod.printsmilepro.ma\/#\/schema\/logo\/image\/\"}}]}<\/script>\n<!-- \/ Yoast SEO plugin. -->","yoast_head_json":{"title":"Impression d\u2019E-mailings \u00e0 Casablanca, Maroc","description":"L'impression d'e-mailings est une strat\u00e9gie essentielle pour les entreprises souhaitant atteindre efficacement leurs clients et prospects. \u00c0 Casablanca Maroc","robots":{"index":"noindex","follow":"follow","max-snippet":"max-snippet:-1","max-image-preview":"max-image-preview:large","max-video-preview":"max-video-preview:-1"},"og_locale":"it_IT","og_type":"article","og_title":"Impression d\u2019E-mailings \u00e0 Casablanca, Maroc","og_description":"L'impression d'e-mailings est une strat\u00e9gie essentielle pour les entreprises souhaitant atteindre efficacement leurs clients et prospects. \u00c0 Casablanca Maroc","og_url":"https:\/\/prod.printsmilepro.ma\/it\/e-mailings\/","og_site_name":"Print Smile Pro","article_modified_time":"2025-05-27T14:52:20+00:00","twitter_card":"summary_large_image","twitter_misc":{"Tempo di lettura stimato":"2 minuti"},"schema":{"@context":"https:\/\/schema.org","@graph":[{"@type":"WebPage","@id":"https:\/\/prod.printsmilepro.ma\/e-mailings\/","url":"https:\/\/prod.printsmilepro.ma\/e-mailings\/","name":"Impression d\u2019E-mailings \u00e0 Casablanca, Maroc","isPartOf":{"@id":"https:\/\/prod.printsmilepro.ma\/#website"},"datePublished":"2025-05-19T16:36:11+00:00","dateModified":"2025-05-27T14:52:20+00:00","description":"L'impression d'e-mailings est une strat\u00e9gie essentielle pour les entreprises souhaitant atteindre efficacement leurs clients et prospects. \u00c0 Casablanca Maroc","breadcrumb":{"@id":"https:\/\/prod.printsmilepro.ma\/e-mailings\/#breadcrumb"},"inLanguage":"it-IT","potentialAction":[{"@type":"ReadAction","target":["https:\/\/prod.printsmilepro.ma\/e-mailings\/"]}]},{"@type":"BreadcrumbList","@id":"https:\/\/prod.printsmilepro.ma\/e-mailings\/#breadcrumb","itemListElement":[{"@type":"ListItem","position":1,"name":"Accueil","item":"https:\/\/prod.printsmilepro.ma\/"},{"@type":"ListItem","position":2,"name":"E-mailings"}]},{"@type":"WebSite","@id":"https:\/\/prod.printsmilepro.ma\/#website","url":"https:\/\/prod.printsmilepro.ma\/","name":"Print Smile Pro","description":"Votre partenaire id\u00e9al pour la r\u00e9alisation de tous vos travaux d&#039;impression offset et num\u00e9rique","publisher":{"@id":"https:\/\/prod.printsmilepro.ma\/#organization"},"potentialAction":[{"@type":"SearchAction","target":{"@type":"EntryPoint","urlTemplate":"https:\/\/prod.printsmilepro.ma\/?s={search_term_string}"},"query-input":{"@type":"PropertyValueSpecification","valueRequired":true,"valueName":"search_term_string"}}],"inLanguage":"it-IT"},{"@type":"Organization","@id":"https:\/\/prod.printsmilepro.ma\/#organization","name":"Print Smile Pro","url":"https:\/\/prod.printsmilepro.ma\/","logo":{"@type":"ImageObject","inLanguage":"it-IT","@id":"https:\/\/prod.printsmilepro.ma\/#\/schema\/logo\/image\/","url":"https:\/\/prod.printsmilepro.ma\/wp-content\/uploads\/2025\/05\/logo-2.png","contentUrl":"https:\/\/prod.printsmilepro.ma\/wp-content\/uploads\/2025\/05\/logo-2.png","width":194,"height":80,"caption":"Print Smile Pro"},"image":{"@id":"https:\/\/prod.printsmilepro.ma\/#\/schema\/logo\/image\/"}}]}},"_links":{"self":[{"href":"https:\/\/prod.printsmilepro.ma\/it\/wp-json\/wp\/v2\/pages\/152","targetHints":{"allow":["GET"]}}],"collection":[{"href":"https:\/\/prod.printsmilepro.ma\/it\/wp-json\/wp\/v2\/pages"}],"about":[{"href":"https:\/\/prod.printsmilepro.ma\/it\/wp-json\/wp\/v2\/types\/page"}],"author":[{"embeddable":true,"href":"https:\/\/prod.printsmilepro.ma\/it\/wp-json\/wp\/v2\/users\/1"}],"replies":[{"embeddable":true,"href":"https:\/\/prod.printsmilepro.ma\/it\/wp-json\/wp\/v2\/comments?post=152"}],"version-history":[{"count":3,"href":"https:\/\/prod.printsmilepro.ma\/it\/wp-json\/wp\/v2\/pages\/152\/revisions"}],"predecessor-version":[{"id":276,"href":"https:\/\/prod.printsmilepro.ma\/it\/wp-json\/wp\/v2\/pages\/152\/revisions\/276"}],"wp:attachment":[{"href":"https:\/\/prod.printsmilepro.ma\/it\/wp-json\/wp\/v2\/media?parent=152"}],"curies":[{"name":"wp","href":"https:\/\/api.w.org\/{rel}","templated":true}]}}