{"id":136,"date":"2025-05-19T16:20:28","date_gmt":"2025-05-19T16:20:28","guid":{"rendered":"https:\/\/prod.printsmilepro.ma\/?page_id=136"},"modified":"2025-05-27T14:39:48","modified_gmt":"2025-05-27T14:39:48","slug":"brochures-piquees","status":"publish","type":"page","link":"https:\/\/prod.printsmilepro.ma\/it\/brochures-piquees\/","title":{"rendered":"Brochure cucite"},"content":{"rendered":"<div id=\"fws_69fe0f1fa98dc\"  data-column-margin=\"40px\" data-midnight=\"dark\"  class=\"wpb_row vc_row-fluid vc_row vc_row-o-equal-height vc_row-flex vc_row-o-content-middle  top_margin_40px bottom_margin_40px\"  style=\"padding-top: 0px; padding-bottom: 0px; \"><div class=\"row-bg-wrap\" data-bg-animation=\"none\" data-bg-animation-delay=\"\" data-bg-overlay=\"false\"><div class=\"inner-wrap row-bg-layer\" ><div class=\"row-bg viewport-desktop\"  style=\"\"><\/div><\/div><\/div><div class=\"row_col_wrap_12 col span_12 dark left\">\n\t<div  class=\"vc_col-sm-6 wpb_column column_container vc_column_container col no-extra-padding inherit_tablet inherit_phone\"  data-padding-pos=\"all\" data-has-bg-color=\"false\" data-bg-color=\"\" data-bg-opacity=\"1\" data-animation=\"\" data-delay=\"0\" >\n\t\t<div class=\"vc_column-inner\" >\n\t\t\t<div class=\"wpb_wrapper\">\n\t\t\t\t\n<div class=\"wpb_text_column wpb_content_element\" >\n\t<div class=\"wpb_wrapper\">\n\t\t<h2 class=\"AnswerParser_AnswerParserH4__ghxg8\"><strong>Impression de Brochures Piqu\u00e9es<\/strong><\/h2>\n\t<\/div>\n<\/div>\n\n\n\n\n<div class=\"wpb_text_column wpb_content_element\" >\n\t<div class=\"wpb_wrapper\">\n\t\t<p>Les brochures piqu\u00e9es sont un excellent moyen de pr\u00e9senter des informations d\u00e9taill\u00e9es sur vos produits ou services de mani\u00e8re professionnelle. \u00c0 Casablanca, Print Smile Pro propose des brochures piqu\u00e9es qui se composent de plusieurs pages reli\u00e9es par une piq\u00fbre, offrant ainsi une pr\u00e9sentation soign\u00e9e et esth\u00e9tique. Elles sont id\u00e9ales pour des catalogues, des portfolios, des bulletins d&rsquo;information ou tout autre document n\u00e9cessitant une mise en page structur\u00e9e.<\/p>\n\t<\/div>\n<\/div>\n\n\n\n\n\t\t\t<\/div> \n\t\t<\/div>\n\t<\/div> \n\n\t<div  class=\"vc_col-sm-6 wpb_column column_container vc_column_container col no-extra-padding inherit_tablet inherit_phone\"  data-padding-pos=\"all\" data-has-bg-color=\"false\" data-bg-color=\"\" data-bg-opacity=\"1\" data-animation=\"\" data-delay=\"0\" >\n\t\t<div class=\"vc_column-inner\" >\n\t\t\t<div class=\"wpb_wrapper\">\n\t\t\t\t<div class=\"img-with-aniamtion-wrap\" data-max-width=\"100%\" data-max-width-mobile=\"default\" data-shadow=\"none\" data-animation=\"none\" >\n      <div class=\"inner\">\n        <div class=\"hover-wrap\"> \n          <div class=\"hover-wrap-inner\">\n            <img loading=\"lazy\" decoding=\"async\" class=\"img-with-animation skip-lazy\" data-delay=\"0\" height=\"546\" width=\"900\" data-animation=\"none\" src=\"https:\/\/prod.printsmilepro.ma\/wp-content\/uploads\/2025\/05\/brochure.jpg\" alt=\"\" srcset=\"https:\/\/prod.printsmilepro.ma\/wp-content\/uploads\/2025\/05\/brochure.jpg 900w, https:\/\/prod.printsmilepro.ma\/wp-content\/uploads\/2025\/05\/brochure-300x182.jpg 300w, https:\/\/prod.printsmilepro.ma\/wp-content\/uploads\/2025\/05\/brochure-768x466.jpg 768w\" sizes=\"auto, (max-width: 900px) 100vw, 900px\" \/>\n          <\/div>\n        <\/div>\n      <\/div>\n    <\/div>\n\t\t\t<\/div> \n\t\t<\/div>\n\t<\/div> \n<\/div><\/div>\n\t\t<div id=\"fws_69fe0f1faa2ca\"  data-column-margin=\"40px\" data-midnight=\"dark\"  class=\"wpb_row vc_row-fluid vc_row full-width-section vc_row-o-equal-height vc_row-flex vc_row-o-content-middle  top_margin_40px bottom_margin_40px\"  style=\"padding-top: 40px; padding-bottom: 40px; \"><div class=\"row-bg-wrap\" data-bg-animation=\"none\" data-bg-animation-delay=\"\" data-bg-overlay=\"false\"><div class=\"inner-wrap row-bg-layer\" ><div class=\"row-bg viewport-desktop using-bg-color\"  style=\"background-color: #d3d3d3; \"><\/div><\/div><\/div><div class=\"row_col_wrap_12 col span_12 dark left\">\n\t<div  class=\"vc_col-sm-6 wpb_column column_container vc_column_container col no-extra-padding inherit_tablet inherit_phone\"  data-padding-pos=\"all\" data-has-bg-color=\"false\" data-bg-color=\"\" data-bg-opacity=\"1\" data-animation=\"\" data-delay=\"0\" >\n\t\t<div class=\"vc_column-inner\" >\n\t\t\t<div class=\"wpb_wrapper\">\n\t\t\t\t<div class=\"img-with-aniamtion-wrap\" data-max-width=\"100%\" data-max-width-mobile=\"default\" data-shadow=\"none\" data-animation=\"none\" >\n      <div class=\"inner\">\n        <div class=\"hover-wrap\"> \n          <div class=\"hover-wrap-inner\">\n            <img loading=\"lazy\" decoding=\"async\" class=\"img-with-animation skip-lazy\" data-delay=\"0\" height=\"350\" width=\"570\" data-animation=\"none\" src=\"https:\/\/prod.printsmilepro.ma\/wp-content\/uploads\/2025\/05\/brochure-agrafee-carree.jpg\" alt=\"\" srcset=\"https:\/\/prod.printsmilepro.ma\/wp-content\/uploads\/2025\/05\/brochure-agrafee-carree.jpg 570w, https:\/\/prod.printsmilepro.ma\/wp-content\/uploads\/2025\/05\/brochure-agrafee-carree-300x184.jpg 300w\" sizes=\"auto, (max-width: 570px) 100vw, 570px\" \/>\n          <\/div>\n        <\/div>\n      <\/div>\n    <\/div>\n\t\t\t<\/div> \n\t\t<\/div>\n\t<\/div> \n\n\t<div  class=\"vc_col-sm-6 wpb_column column_container vc_column_container col no-extra-padding inherit_tablet inherit_phone\"  data-padding-pos=\"all\" data-has-bg-color=\"false\" data-bg-color=\"\" data-bg-opacity=\"1\" data-animation=\"\" data-delay=\"0\" >\n\t\t<div class=\"vc_column-inner\" >\n\t\t\t<div class=\"wpb_wrapper\">\n\t\t\t\t\n<div class=\"wpb_text_column wpb_content_element\" >\n\t<div class=\"wpb_wrapper\">\n\t\t<h2 class=\"AnswerParser_AnswerParserH4__ghxg8\"><strong>Impression de Brochures Piqu\u00e9es<\/strong><\/h2>\n\t<\/div>\n<\/div>\n\n\n\n\n<div class=\"wpb_text_column wpb_content_element\" >\n\t<div class=\"wpb_wrapper\">\n\t\t<p>Nous proposons une vari\u00e9t\u00e9 d&rsquo;options pour vos brochures piqu\u00e9es, notamment diff\u00e9rents formats (A4, A5, et personnalis\u00e9s) et types de papier (couch\u00e9, recycl\u00e9, textur\u00e9). Vous pouvez choisir entre plusieurs grammages, allant de 135 g\/m\u00b2 \u00e0 300 g\/m\u00b2, ainsi que des finitions comme le pelliculage mat ou brillant. Avec l\u2019impression en quadrichromie, nous garantissons des couleurs vives et des d\u00e9tails pr\u00e9cis, que ce soit en recto seul ou en recto verso.<\/p>\n\t<\/div>\n<\/div>\n\n\n\n\n\t\t\t<\/div> \n\t\t<\/div>\n\t<\/div> \n<\/div><\/div>\n\t\t<div id=\"fws_69fe0f1faa62d\"  data-column-margin=\"40px\" data-midnight=\"dark\"  class=\"wpb_row vc_row-fluid vc_row vc_row-o-equal-height vc_row-flex vc_row-o-content-middle  top_margin_40px bottom_margin_40px\"  style=\"padding-top: 0px; padding-bottom: 0px; \"><div class=\"row-bg-wrap\" data-bg-animation=\"none\" data-bg-animation-delay=\"\" data-bg-overlay=\"false\"><div class=\"inner-wrap row-bg-layer\" ><div class=\"row-bg viewport-desktop\"  style=\"\"><\/div><\/div><\/div><div class=\"row_col_wrap_12 col span_12 dark left\">\n\t<div  class=\"vc_col-sm-6 wpb_column column_container vc_column_container col no-extra-padding inherit_tablet inherit_phone\"  data-padding-pos=\"all\" data-has-bg-color=\"false\" data-bg-color=\"\" data-bg-opacity=\"1\" data-animation=\"\" data-delay=\"0\" >\n\t\t<div class=\"vc_column-inner\" >\n\t\t\t<div class=\"wpb_wrapper\">\n\t\t\t\t\n<div class=\"wpb_text_column wpb_content_element\" >\n\t<div class=\"wpb_wrapper\">\n\t\t<h2 class=\"AnswerParser_AnswerParserH4__ghxg8\"><strong>Impression de Brochures Piqu\u00e9es<\/strong><\/h2>\n\t<\/div>\n<\/div>\n\n\n\n\n<div class=\"wpb_text_column wpb_content_element\" >\n\t<div class=\"wpb_wrapper\">\n\t\t<p data-start=\"147\" data-end=\"204\">Chez Print Smile Pro, nous nous engageons \u00e0 fournir un service client de qualit\u00e9 et une livraison rapide \u00e0 Casablanca et dans tout le Maroc. Notre \u00e9quipe est l\u00e0 pour vous accompagner tout au long du processus, de la conception \u00e0 la livraison, afin de garantir que votre brochure piqu\u00e9e r\u00e9ponde parfaitement \u00e0 vos attentes. Confiez-nous vos projets d\u2019impression et assurez-vous d&rsquo;avoir des brochures de haute qualit\u00e9 qui feront forte impression aupr\u00e8s de votre public !<\/p>\n\t<\/div>\n<\/div>\n\n\n\n\n\t\t\t<\/div> \n\t\t<\/div>\n\t<\/div> \n\n\t<div  class=\"vc_col-sm-6 wpb_column column_container vc_column_container col no-extra-padding inherit_tablet inherit_phone\"  data-padding-pos=\"all\" data-has-bg-color=\"false\" data-bg-color=\"\" data-bg-opacity=\"1\" data-animation=\"\" data-delay=\"0\" >\n\t\t<div class=\"vc_column-inner\" >\n\t\t\t<div class=\"wpb_wrapper\">\n\t\t\t\t<div class=\"img-with-aniamtion-wrap\" data-max-width=\"100%\" data-max-width-mobile=\"default\" data-shadow=\"none\" data-animation=\"none\" >\n      <div class=\"inner\">\n        <div class=\"hover-wrap\"> \n          <div class=\"hover-wrap-inner\">\n            <img loading=\"lazy\" decoding=\"async\" class=\"img-with-animation skip-lazy\" data-delay=\"0\" height=\"391\" width=\"621\" data-animation=\"none\" src=\"https:\/\/prod.printsmilepro.ma\/wp-content\/uploads\/2025\/05\/thumb_7860_gallery_bigPreConf.jpeg\" alt=\"\" srcset=\"https:\/\/prod.printsmilepro.ma\/wp-content\/uploads\/2025\/05\/thumb_7860_gallery_bigPreConf.jpeg 621w, https:\/\/prod.printsmilepro.ma\/wp-content\/uploads\/2025\/05\/thumb_7860_gallery_bigPreConf-300x189.jpeg 300w\" sizes=\"auto, (max-width: 621px) 100vw, 621px\" \/>\n          <\/div>\n        <\/div>\n      <\/div>\n    <\/div>\n\t\t\t<\/div> \n\t\t<\/div>\n\t<\/div> \n<\/div><\/div>","protected":false},"excerpt":{"rendered":"Impression de Brochures Piqu\u00e9es Les brochures piqu\u00e9es sont un excellent moyen de pr\u00e9senter des informations d\u00e9taill\u00e9es sur vos produits ou services de mani\u00e8re professionnelle. \u00c0 Casablanca, Print Smile Pro propose...","protected":false},"author":1,"featured_media":0,"parent":0,"menu_order":0,"comment_status":"closed","ping_status":"closed","template":"","meta":{"_joinchat":[],"footnotes":""},"class_list":["post-136","page","type-page","status-publish"],"yoast_head":"<!-- This site is optimized with the Yoast SEO plugin v25.2 - https:\/\/yoast.com\/wordpress\/plugins\/seo\/ -->\n<title>Impression de Brochures Piqu\u00e9es \u00e0 Casablanca, Maroc<\/title>\n<meta name=\"description\" content=\"Impression de brochures piqu\u00e9es \u00e0 Casablanca, Maroc. Offrez \u00e0 votre entreprise des brochures personnalis\u00e9es.\" \/>\n<meta name=\"robots\" content=\"noindex, follow, max-snippet:-1, max-image-preview:large, max-video-preview:-1\" \/>\n<meta property=\"og:locale\" content=\"it_IT\" \/>\n<meta property=\"og:type\" content=\"article\" \/>\n<meta property=\"og:title\" content=\"Impression de Brochures Piqu\u00e9es \u00e0 Casablanca, Maroc\" \/>\n<meta property=\"og:description\" content=\"Impression de brochures piqu\u00e9es \u00e0 Casablanca, Maroc. Offrez \u00e0 votre entreprise des brochures personnalis\u00e9es.\" \/>\n<meta property=\"og:url\" content=\"https:\/\/prod.printsmilepro.ma\/it\/brochures-piquees\/\" \/>\n<meta property=\"og:site_name\" content=\"Print Smile Pro\" \/>\n<meta property=\"article:modified_time\" content=\"2025-05-27T14:39:48+00:00\" \/>\n<meta name=\"twitter:card\" content=\"summary_large_image\" \/>\n<meta name=\"twitter:label1\" content=\"Tempo di lettura stimato\" \/>\n\t<meta name=\"twitter:data1\" content=\"2 minuti\" \/>\n<script type=\"application\/ld+json\" class=\"yoast-schema-graph\">{\"@context\":\"https:\/\/schema.org\",\"@graph\":[{\"@type\":\"WebPage\",\"@id\":\"https:\/\/prod.printsmilepro.ma\/brochures-piquees\/\",\"url\":\"https:\/\/prod.printsmilepro.ma\/brochures-piquees\/\",\"name\":\"Impression de Brochures Piqu\u00e9es \u00e0 Casablanca, Maroc\",\"isPartOf\":{\"@id\":\"https:\/\/prod.printsmilepro.ma\/#website\"},\"datePublished\":\"2025-05-19T16:20:28+00:00\",\"dateModified\":\"2025-05-27T14:39:48+00:00\",\"description\":\"Impression de brochures piqu\u00e9es \u00e0 Casablanca, Maroc. Offrez \u00e0 votre entreprise des brochures personnalis\u00e9es.\",\"breadcrumb\":{\"@id\":\"https:\/\/prod.printsmilepro.ma\/brochures-piquees\/#breadcrumb\"},\"inLanguage\":\"it-IT\",\"potentialAction\":[{\"@type\":\"ReadAction\",\"target\":[\"https:\/\/prod.printsmilepro.ma\/brochures-piquees\/\"]}]},{\"@type\":\"BreadcrumbList\",\"@id\":\"https:\/\/prod.printsmilepro.ma\/brochures-piquees\/#breadcrumb\",\"itemListElement\":[{\"@type\":\"ListItem\",\"position\":1,\"name\":\"Accueil\",\"item\":\"https:\/\/prod.printsmilepro.ma\/\"},{\"@type\":\"ListItem\",\"position\":2,\"name\":\"Brochures Piqu\u00e9es\"}]},{\"@type\":\"WebSite\",\"@id\":\"https:\/\/prod.printsmilepro.ma\/#website\",\"url\":\"https:\/\/prod.printsmilepro.ma\/\",\"name\":\"Print Smile Pro\",\"description\":\"Votre partenaire id\u00e9al pour la r\u00e9alisation de tous vos travaux d&#039;impression offset et num\u00e9rique\",\"publisher\":{\"@id\":\"https:\/\/prod.printsmilepro.ma\/#organization\"},\"potentialAction\":[{\"@type\":\"SearchAction\",\"target\":{\"@type\":\"EntryPoint\",\"urlTemplate\":\"https:\/\/prod.printsmilepro.ma\/?s={search_term_string}\"},\"query-input\":{\"@type\":\"PropertyValueSpecification\",\"valueRequired\":true,\"valueName\":\"search_term_string\"}}],\"inLanguage\":\"it-IT\"},{\"@type\":\"Organization\",\"@id\":\"https:\/\/prod.printsmilepro.ma\/#organization\",\"name\":\"Print Smile Pro\",\"url\":\"https:\/\/prod.printsmilepro.ma\/\",\"logo\":{\"@type\":\"ImageObject\",\"inLanguage\":\"it-IT\",\"@id\":\"https:\/\/prod.printsmilepro.ma\/#\/schema\/logo\/image\/\",\"url\":\"https:\/\/prod.printsmilepro.ma\/wp-content\/uploads\/2025\/05\/logo-2.png\",\"contentUrl\":\"https:\/\/prod.printsmilepro.ma\/wp-content\/uploads\/2025\/05\/logo-2.png\",\"width\":194,\"height\":80,\"caption\":\"Print Smile Pro\"},\"image\":{\"@id\":\"https:\/\/prod.printsmilepro.ma\/#\/schema\/logo\/image\/\"}}]}<\/script>\n<!-- \/ Yoast SEO plugin. -->","yoast_head_json":{"title":"Impression de Brochures Piqu\u00e9es \u00e0 Casablanca, Maroc","description":"Impression de brochures piqu\u00e9es \u00e0 Casablanca, Maroc. Offrez \u00e0 votre entreprise des brochures personnalis\u00e9es.","robots":{"index":"noindex","follow":"follow","max-snippet":"max-snippet:-1","max-image-preview":"max-image-preview:large","max-video-preview":"max-video-preview:-1"},"og_locale":"it_IT","og_type":"article","og_title":"Impression de Brochures Piqu\u00e9es \u00e0 Casablanca, Maroc","og_description":"Impression de brochures piqu\u00e9es \u00e0 Casablanca, Maroc. Offrez \u00e0 votre entreprise des brochures personnalis\u00e9es.","og_url":"https:\/\/prod.printsmilepro.ma\/it\/brochures-piquees\/","og_site_name":"Print Smile Pro","article_modified_time":"2025-05-27T14:39:48+00:00","twitter_card":"summary_large_image","twitter_misc":{"Tempo di lettura stimato":"2 minuti"},"schema":{"@context":"https:\/\/schema.org","@graph":[{"@type":"WebPage","@id":"https:\/\/prod.printsmilepro.ma\/brochures-piquees\/","url":"https:\/\/prod.printsmilepro.ma\/brochures-piquees\/","name":"Impression de Brochures Piqu\u00e9es \u00e0 Casablanca, Maroc","isPartOf":{"@id":"https:\/\/prod.printsmilepro.ma\/#website"},"datePublished":"2025-05-19T16:20:28+00:00","dateModified":"2025-05-27T14:39:48+00:00","description":"Impression de brochures piqu\u00e9es \u00e0 Casablanca, Maroc. Offrez \u00e0 votre entreprise des brochures personnalis\u00e9es.","breadcrumb":{"@id":"https:\/\/prod.printsmilepro.ma\/brochures-piquees\/#breadcrumb"},"inLanguage":"it-IT","potentialAction":[{"@type":"ReadAction","target":["https:\/\/prod.printsmilepro.ma\/brochures-piquees\/"]}]},{"@type":"BreadcrumbList","@id":"https:\/\/prod.printsmilepro.ma\/brochures-piquees\/#breadcrumb","itemListElement":[{"@type":"ListItem","position":1,"name":"Accueil","item":"https:\/\/prod.printsmilepro.ma\/"},{"@type":"ListItem","position":2,"name":"Brochures Piqu\u00e9es"}]},{"@type":"WebSite","@id":"https:\/\/prod.printsmilepro.ma\/#website","url":"https:\/\/prod.printsmilepro.ma\/","name":"Print Smile Pro","description":"Votre partenaire id\u00e9al pour la r\u00e9alisation de tous vos travaux d&#039;impression offset et num\u00e9rique","publisher":{"@id":"https:\/\/prod.printsmilepro.ma\/#organization"},"potentialAction":[{"@type":"SearchAction","target":{"@type":"EntryPoint","urlTemplate":"https:\/\/prod.printsmilepro.ma\/?s={search_term_string}"},"query-input":{"@type":"PropertyValueSpecification","valueRequired":true,"valueName":"search_term_string"}}],"inLanguage":"it-IT"},{"@type":"Organization","@id":"https:\/\/prod.printsmilepro.ma\/#organization","name":"Print Smile Pro","url":"https:\/\/prod.printsmilepro.ma\/","logo":{"@type":"ImageObject","inLanguage":"it-IT","@id":"https:\/\/prod.printsmilepro.ma\/#\/schema\/logo\/image\/","url":"https:\/\/prod.printsmilepro.ma\/wp-content\/uploads\/2025\/05\/logo-2.png","contentUrl":"https:\/\/prod.printsmilepro.ma\/wp-content\/uploads\/2025\/05\/logo-2.png","width":194,"height":80,"caption":"Print Smile Pro"},"image":{"@id":"https:\/\/prod.printsmilepro.ma\/#\/schema\/logo\/image\/"}}]}},"_links":{"self":[{"href":"https:\/\/prod.printsmilepro.ma\/it\/wp-json\/wp\/v2\/pages\/136","targetHints":{"allow":["GET"]}}],"collection":[{"href":"https:\/\/prod.printsmilepro.ma\/it\/wp-json\/wp\/v2\/pages"}],"about":[{"href":"https:\/\/prod.printsmilepro.ma\/it\/wp-json\/wp\/v2\/types\/page"}],"author":[{"embeddable":true,"href":"https:\/\/prod.printsmilepro.ma\/it\/wp-json\/wp\/v2\/users\/1"}],"replies":[{"embeddable":true,"href":"https:\/\/prod.printsmilepro.ma\/it\/wp-json\/wp\/v2\/comments?post=136"}],"version-history":[{"count":3,"href":"https:\/\/prod.printsmilepro.ma\/it\/wp-json\/wp\/v2\/pages\/136\/revisions"}],"predecessor-version":[{"id":233,"href":"https:\/\/prod.printsmilepro.ma\/it\/wp-json\/wp\/v2\/pages\/136\/revisions\/233"}],"wp:attachment":[{"href":"https:\/\/prod.printsmilepro.ma\/it\/wp-json\/wp\/v2\/media?parent=136"}],"curies":[{"name":"wp","href":"https:\/\/api.w.org\/{rel}","templated":true}]}}