{"id":156,"date":"2025-05-19T16:40:55","date_gmt":"2025-05-19T16:40:55","guid":{"rendered":"https:\/\/prod.printsmilepro.ma\/?page_id=156"},"modified":"2025-05-27T14:45:08","modified_gmt":"2025-05-27T14:45:08","slug":"classeurs-personnalises","status":"publish","type":"page","link":"https:\/\/prod.printsmilepro.ma\/es\/classeurs-personnalises\/","title":{"rendered":"Archivadores a medida"},"content":{"rendered":"<div id=\"fws_69fe294d05045\"  data-column-margin=\"40px\" data-midnight=\"dark\"  class=\"wpb_row vc_row-fluid vc_row vc_row-o-equal-height vc_row-flex vc_row-o-content-middle  top_margin_40px bottom_margin_40px\"  style=\"padding-top: 0px; padding-bottom: 0px; \"><div class=\"row-bg-wrap\" data-bg-animation=\"none\" data-bg-animation-delay=\"\" data-bg-overlay=\"false\"><div class=\"inner-wrap row-bg-layer\" ><div class=\"row-bg viewport-desktop\"  style=\"\"><\/div><\/div><\/div><div class=\"row_col_wrap_12 col span_12 dark left\">\n\t<div  class=\"vc_col-sm-6 wpb_column column_container vc_column_container col no-extra-padding inherit_tablet inherit_phone\"  data-padding-pos=\"all\" data-has-bg-color=\"false\" data-bg-color=\"\" data-bg-opacity=\"1\" data-animation=\"\" data-delay=\"0\" >\n\t\t<div class=\"vc_column-inner\" >\n\t\t\t<div class=\"wpb_wrapper\">\n\t\t\t\t\n<div class=\"wpb_text_column wpb_content_element\" >\n\t<div class=\"wpb_wrapper\">\n\t\t<h2 class=\"AnswerParser_AnswerParserH4__ghxg8\"><strong>Impression de Classeurs Personnalis\u00e9s<\/strong><\/h2>\n\t<\/div>\n<\/div>\n\n\n\n\n<div class=\"wpb_text_column wpb_content_element\" >\n\t<div class=\"wpb_wrapper\">\n\t\t<p>Les classeurs personnalis\u00e9s sont des outils essentiels pour l&rsquo;organisation professionnelle et la communication d&rsquo;entreprise. \u00c0 Casablanca, Print Smile Pro propose des services d&rsquo;impression de classeurs qui permettent de renforcer l&rsquo;identit\u00e9 visuelle de votre entreprise tout en offrant une solution pratique de rangement de documents.<\/p>\n\t<\/div>\n<\/div>\n\n\n\n\n\t\t\t<\/div> \n\t\t<\/div>\n\t<\/div> \n\n\t<div  class=\"vc_col-sm-6 wpb_column column_container vc_column_container col no-extra-padding inherit_tablet inherit_phone\"  data-padding-pos=\"all\" data-has-bg-color=\"false\" data-bg-color=\"\" data-bg-opacity=\"1\" data-animation=\"\" data-delay=\"0\" >\n\t\t<div class=\"vc_column-inner\" >\n\t\t\t<div class=\"wpb_wrapper\">\n\t\t\t\t<div class=\"img-with-aniamtion-wrap\" data-max-width=\"100%\" data-max-width-mobile=\"default\" data-shadow=\"none\" data-animation=\"none\" >\n      <div class=\"inner\">\n        <div class=\"hover-wrap\"> \n          <div class=\"hover-wrap-inner\">\n            <img loading=\"lazy\" decoding=\"async\" class=\"img-with-animation skip-lazy\" data-delay=\"0\" height=\"450\" width=\"600\" data-animation=\"none\" src=\"https:\/\/prod.printsmilepro.ma\/wp-content\/uploads\/2025\/05\/Polypro.png\" alt=\"\" srcset=\"https:\/\/prod.printsmilepro.ma\/wp-content\/uploads\/2025\/05\/Polypro.png 600w, https:\/\/prod.printsmilepro.ma\/wp-content\/uploads\/2025\/05\/Polypro-300x225.png 300w\" sizes=\"auto, (max-width: 600px) 100vw, 600px\" \/>\n          <\/div>\n        <\/div>\n      <\/div>\n    <\/div>\n\t\t\t<\/div> \n\t\t<\/div>\n\t<\/div> \n<\/div><\/div>\n\t\t<div id=\"fws_69fe294d0548d\"  data-column-margin=\"40px\" data-midnight=\"dark\"  class=\"wpb_row vc_row-fluid vc_row full-width-section vc_row-o-equal-height vc_row-flex vc_row-o-content-middle  top_margin_40px bottom_margin_40px\"  style=\"padding-top: 40px; padding-bottom: 40px; \"><div class=\"row-bg-wrap\" data-bg-animation=\"none\" data-bg-animation-delay=\"\" data-bg-overlay=\"false\"><div class=\"inner-wrap row-bg-layer\" ><div class=\"row-bg viewport-desktop using-bg-color\"  style=\"background-color: #d3d3d3; \"><\/div><\/div><\/div><div class=\"row_col_wrap_12 col span_12 dark left\">\n\t<div  class=\"vc_col-sm-6 wpb_column column_container vc_column_container col no-extra-padding inherit_tablet inherit_phone\"  data-padding-pos=\"all\" data-has-bg-color=\"false\" data-bg-color=\"\" data-bg-opacity=\"1\" data-animation=\"\" data-delay=\"0\" >\n\t\t<div class=\"vc_column-inner\" >\n\t\t\t<div class=\"wpb_wrapper\">\n\t\t\t\t<div class=\"img-with-aniamtion-wrap\" data-max-width=\"100%\" data-max-width-mobile=\"default\" data-shadow=\"none\" data-animation=\"none\" >\n      <div class=\"inner\">\n        <div class=\"hover-wrap\"> \n          <div class=\"hover-wrap-inner\">\n            <img loading=\"lazy\" decoding=\"async\" class=\"img-with-animation skip-lazy\" data-delay=\"0\" height=\"815\" width=\"1190\" data-animation=\"none\" src=\"https:\/\/prod.printsmilepro.ma\/wp-content\/uploads\/2025\/05\/NPI-Binders-EU-Marquee-001.jpg\" alt=\"\" srcset=\"https:\/\/prod.printsmilepro.ma\/wp-content\/uploads\/2025\/05\/NPI-Binders-EU-Marquee-001.jpg 1190w, https:\/\/prod.printsmilepro.ma\/wp-content\/uploads\/2025\/05\/NPI-Binders-EU-Marquee-001-300x205.jpg 300w, https:\/\/prod.printsmilepro.ma\/wp-content\/uploads\/2025\/05\/NPI-Binders-EU-Marquee-001-1024x701.jpg 1024w, https:\/\/prod.printsmilepro.ma\/wp-content\/uploads\/2025\/05\/NPI-Binders-EU-Marquee-001-768x526.jpg 768w\" sizes=\"auto, (max-width: 1190px) 100vw, 1190px\" \/>\n          <\/div>\n        <\/div>\n      <\/div>\n    <\/div>\n\t\t\t<\/div> \n\t\t<\/div>\n\t<\/div> \n\n\t<div  class=\"vc_col-sm-6 wpb_column column_container vc_column_container col no-extra-padding inherit_tablet inherit_phone\"  data-padding-pos=\"all\" data-has-bg-color=\"false\" data-bg-color=\"\" data-bg-opacity=\"1\" data-animation=\"\" data-delay=\"0\" >\n\t\t<div class=\"vc_column-inner\" >\n\t\t\t<div class=\"wpb_wrapper\">\n\t\t\t\t\n<div class=\"wpb_text_column wpb_content_element\" >\n\t<div class=\"wpb_wrapper\">\n\t\t<h2 class=\"AnswerParser_AnswerParserH4__ghxg8\"><strong>Impression de Classeurs Personnalis\u00e9s<\/strong><\/h2>\n\t<\/div>\n<\/div>\n\n\n\n\n<div class=\"wpb_text_column wpb_content_element\" >\n\t<div class=\"wpb_wrapper\">\n\t\t<p><span class=\"AnswerParser_TextContainer__z_Iiv\" data-testid=\"youchat-text\">Nous offrons plusieurs options de personnalisation pour vos classeurs :<\/span><\/p>\n<ul class=\"AnswerParser_AnswerParserUnorderedList__P_1FW\">\n<li class=\"AnswerParser_ListItem__XqLOV\" translate=\"yes\"><strong>Types de Classeurs<\/strong>\u00a0:\n<ul class=\"AnswerParser_AnswerParserUnorderedList__P_1FW\">\n<li class=\"AnswerParser_ListItem__XqLOV\" translate=\"yes\">Classeurs \u00e0 anneaux (2 ou 4 anneaux)<\/li>\n<li class=\"AnswerParser_ListItem__XqLOV\" translate=\"yes\">Classeurs \u00e0 levier<\/li>\n<li class=\"AnswerParser_ListItem__XqLOV\" translate=\"yes\">Classeurs souples en polypropyl\u00e8ne<\/li>\n<\/ul>\n<\/li>\n<li class=\"AnswerParser_ListItem__XqLOV\" translate=\"yes\"><strong>Formats<\/strong>\u00a0: A4, A5, et formats personnalis\u00e9s<\/li>\n<li class=\"AnswerParser_ListItem__XqLOV\" translate=\"yes\"><strong>\u00c9paisseurs<\/strong>\u00a0: De 3 cm \u00e0 5 cm, pouvant contenir jusqu&rsquo;\u00e0 480 feuilles<\/li>\n<li class=\"AnswerParser_ListItem__XqLOV\" translate=\"no\"><strong>Personnalisation Visuelle<\/strong>\u00a0:\n<ul class=\"AnswerParser_AnswerParserUnorderedList__P_1FW\">\n<li class=\"AnswerParser_ListItem__XqLOV\" translate=\"yes\">Impression sur la couverture, le dos et la quatri\u00e8me de couverture<\/li>\n<li class=\"AnswerParser_ListItem__XqLOV\" translate=\"yes\">Quadrichromie pour des couleurs vives<\/li>\n<li class=\"AnswerParser_ListItem__XqLOV\" translate=\"no\">Possibilit\u00e9 d&rsquo;ajouter logo, textes et images<\/li>\n<\/ul>\n<\/li>\n<\/ul>\n\t<\/div>\n<\/div>\n\n\n\n\n\t\t\t<\/div> \n\t\t<\/div>\n\t<\/div> \n<\/div><\/div>\n\t\t<div id=\"fws_69fe294d057f3\"  data-column-margin=\"40px\" data-midnight=\"dark\"  class=\"wpb_row vc_row-fluid vc_row vc_row-o-equal-height vc_row-flex vc_row-o-content-middle  top_margin_40px bottom_margin_40px\"  style=\"padding-top: 0px; padding-bottom: 0px; \"><div class=\"row-bg-wrap\" data-bg-animation=\"none\" data-bg-animation-delay=\"\" data-bg-overlay=\"false\"><div class=\"inner-wrap row-bg-layer\" ><div class=\"row-bg viewport-desktop\"  style=\"\"><\/div><\/div><\/div><div class=\"row_col_wrap_12 col span_12 dark left\">\n\t<div  class=\"vc_col-sm-6 wpb_column column_container vc_column_container col no-extra-padding inherit_tablet inherit_phone\"  data-padding-pos=\"all\" data-has-bg-color=\"false\" data-bg-color=\"\" data-bg-opacity=\"1\" data-animation=\"\" data-delay=\"0\" >\n\t\t<div class=\"vc_column-inner\" >\n\t\t\t<div class=\"wpb_wrapper\">\n\t\t\t\t\n<div class=\"wpb_text_column wpb_content_element\" >\n\t<div class=\"wpb_wrapper\">\n\t\t<h2 class=\"AnswerParser_AnswerParserH4__ghxg8\"><strong>Impression de Classeurs Personnalis\u00e9s<\/strong><\/h2>\n\t<\/div>\n<\/div>\n\n\n\n\n<div class=\"wpb_text_column wpb_content_element\" >\n\t<div class=\"wpb_wrapper\">\n\t\t<p data-start=\"147\" data-end=\"204\">Chez Print Smile Pro, nous nous engageons \u00e0 fournir un service client de qualit\u00e9 et une livraison rapide dans toute la r\u00e9gion de Casablanca. Notre \u00e9quipe est disponible pour vous conseiller sur la conception et la personnalisation de vos classeurs, garantissant un produit final qui r\u00e9pond parfaitement \u00e0 vos besoins. Faites confiance \u00e0 Print Smile Pro pour des classeurs personnalis\u00e9s qui refl\u00e8tent le professionnalisme de votre entreprise !<\/p>\n\t<\/div>\n<\/div>\n\n\n\n\n\t\t\t<\/div> \n\t\t<\/div>\n\t<\/div> \n\n\t<div  class=\"vc_col-sm-6 wpb_column column_container vc_column_container col no-extra-padding inherit_tablet inherit_phone\"  data-padding-pos=\"all\" data-has-bg-color=\"false\" data-bg-color=\"\" data-bg-opacity=\"1\" data-animation=\"\" data-delay=\"0\" >\n\t\t<div class=\"vc_column-inner\" >\n\t\t\t<div class=\"wpb_wrapper\">\n\t\t\t\t<div class=\"img-with-aniamtion-wrap\" data-max-width=\"100%\" data-max-width-mobile=\"default\" data-shadow=\"none\" data-animation=\"none\" >\n      <div class=\"inner\">\n        <div class=\"hover-wrap\"> \n          <div class=\"hover-wrap-inner\">\n            <img loading=\"lazy\" decoding=\"async\" class=\"img-with-animation skip-lazy\" data-delay=\"0\" height=\"860\" width=\"860\" data-animation=\"none\" src=\"https:\/\/prod.printsmilepro.ma\/wp-content\/uploads\/2025\/05\/classeur4_540px.webp\" alt=\"\" srcset=\"https:\/\/prod.printsmilepro.ma\/wp-content\/uploads\/2025\/05\/classeur4_540px.webp 860w, https:\/\/prod.printsmilepro.ma\/wp-content\/uploads\/2025\/05\/classeur4_540px-300x300.webp 300w, https:\/\/prod.printsmilepro.ma\/wp-content\/uploads\/2025\/05\/classeur4_540px-150x150.webp 150w, https:\/\/prod.printsmilepro.ma\/wp-content\/uploads\/2025\/05\/classeur4_540px-768x768.webp 768w, https:\/\/prod.printsmilepro.ma\/wp-content\/uploads\/2025\/05\/classeur4_540px-140x140.webp 140w, https:\/\/prod.printsmilepro.ma\/wp-content\/uploads\/2025\/05\/classeur4_540px-100x100.webp 100w, https:\/\/prod.printsmilepro.ma\/wp-content\/uploads\/2025\/05\/classeur4_540px-500x500.webp 500w, https:\/\/prod.printsmilepro.ma\/wp-content\/uploads\/2025\/05\/classeur4_540px-350x350.webp 350w, https:\/\/prod.printsmilepro.ma\/wp-content\/uploads\/2025\/05\/classeur4_540px-800x800.webp 800w\" sizes=\"auto, (max-width: 860px) 100vw, 860px\" \/>\n          <\/div>\n        <\/div>\n      <\/div>\n    <\/div>\n\t\t\t<\/div> \n\t\t<\/div>\n\t<\/div> \n<\/div><\/div>","protected":false},"excerpt":{"rendered":"Impression de Classeurs Personnalis\u00e9s Les classeurs personnalis\u00e9s sont des outils essentiels pour l'organisation professionnelle et la communication d'entreprise. \u00c0 Casablanca, Print Smile Pro propose des services d'impression de classeurs qui...","protected":false},"author":1,"featured_media":0,"parent":0,"menu_order":0,"comment_status":"closed","ping_status":"closed","template":"","meta":{"_joinchat":[],"footnotes":""},"class_list":["post-156","page","type-page","status-publish"],"yoast_head":"<!-- This site is optimized with the Yoast SEO plugin v25.2 - https:\/\/yoast.com\/wordpress\/plugins\/seo\/ -->\n<title>Impression de Classeurs Personnalis\u00e9s \u00e0 Casablanca, Maroc<\/title>\n<meta name=\"description\" content=\"Print Smile Pro vous offre des services d&#039;impression de classeurs personnalis\u00e9s \u00e0 Casablanca, Maroc. Cr\u00e9ez des classeurs uniques...\" \/>\n<meta name=\"robots\" content=\"noindex, follow, max-snippet:-1, max-image-preview:large, max-video-preview:-1\" \/>\n<meta property=\"og:locale\" content=\"es_ES\" \/>\n<meta property=\"og:type\" content=\"article\" \/>\n<meta property=\"og:title\" content=\"Impression de Classeurs Personnalis\u00e9s \u00e0 Casablanca, Maroc\" \/>\n<meta property=\"og:description\" content=\"Print Smile Pro vous offre des services d&#039;impression de classeurs personnalis\u00e9s \u00e0 Casablanca, Maroc. Cr\u00e9ez des classeurs uniques...\" \/>\n<meta property=\"og:url\" content=\"https:\/\/prod.printsmilepro.ma\/es\/classeurs-personnalises\/\" \/>\n<meta property=\"og:site_name\" content=\"Print Smile Pro\" \/>\n<meta property=\"article:modified_time\" content=\"2025-05-27T14:45:08+00:00\" \/>\n<meta name=\"twitter:card\" content=\"summary_large_image\" \/>\n<meta name=\"twitter:label1\" content=\"Tiempo de lectura\" \/>\n\t<meta name=\"twitter:data1\" content=\"2 minutos\" \/>\n<script type=\"application\/ld+json\" class=\"yoast-schema-graph\">{\"@context\":\"https:\/\/schema.org\",\"@graph\":[{\"@type\":\"WebPage\",\"@id\":\"https:\/\/prod.printsmilepro.ma\/classeurs-personnalises\/\",\"url\":\"https:\/\/prod.printsmilepro.ma\/classeurs-personnalises\/\",\"name\":\"Impression de Classeurs Personnalis\u00e9s \u00e0 Casablanca, Maroc\",\"isPartOf\":{\"@id\":\"https:\/\/prod.printsmilepro.ma\/#website\"},\"datePublished\":\"2025-05-19T16:40:55+00:00\",\"dateModified\":\"2025-05-27T14:45:08+00:00\",\"description\":\"Print Smile Pro vous offre des services d'impression de classeurs personnalis\u00e9s \u00e0 Casablanca, Maroc. Cr\u00e9ez des classeurs uniques...\",\"breadcrumb\":{\"@id\":\"https:\/\/prod.printsmilepro.ma\/classeurs-personnalises\/#breadcrumb\"},\"inLanguage\":\"es\",\"potentialAction\":[{\"@type\":\"ReadAction\",\"target\":[\"https:\/\/prod.printsmilepro.ma\/classeurs-personnalises\/\"]}]},{\"@type\":\"BreadcrumbList\",\"@id\":\"https:\/\/prod.printsmilepro.ma\/classeurs-personnalises\/#breadcrumb\",\"itemListElement\":[{\"@type\":\"ListItem\",\"position\":1,\"name\":\"Accueil\",\"item\":\"https:\/\/prod.printsmilepro.ma\/\"},{\"@type\":\"ListItem\",\"position\":2,\"name\":\"Classeurs Personnalis\u00e9s\"}]},{\"@type\":\"WebSite\",\"@id\":\"https:\/\/prod.printsmilepro.ma\/#website\",\"url\":\"https:\/\/prod.printsmilepro.ma\/\",\"name\":\"Print Smile Pro\",\"description\":\"Votre partenaire id\u00e9al pour la r\u00e9alisation de tous vos travaux d&#039;impression offset et num\u00e9rique\",\"publisher\":{\"@id\":\"https:\/\/prod.printsmilepro.ma\/#organization\"},\"potentialAction\":[{\"@type\":\"SearchAction\",\"target\":{\"@type\":\"EntryPoint\",\"urlTemplate\":\"https:\/\/prod.printsmilepro.ma\/?s={search_term_string}\"},\"query-input\":{\"@type\":\"PropertyValueSpecification\",\"valueRequired\":true,\"valueName\":\"search_term_string\"}}],\"inLanguage\":\"es\"},{\"@type\":\"Organization\",\"@id\":\"https:\/\/prod.printsmilepro.ma\/#organization\",\"name\":\"Print Smile Pro\",\"url\":\"https:\/\/prod.printsmilepro.ma\/\",\"logo\":{\"@type\":\"ImageObject\",\"inLanguage\":\"es\",\"@id\":\"https:\/\/prod.printsmilepro.ma\/#\/schema\/logo\/image\/\",\"url\":\"https:\/\/prod.printsmilepro.ma\/wp-content\/uploads\/2025\/05\/logo-2.png\",\"contentUrl\":\"https:\/\/prod.printsmilepro.ma\/wp-content\/uploads\/2025\/05\/logo-2.png\",\"width\":194,\"height\":80,\"caption\":\"Print Smile Pro\"},\"image\":{\"@id\":\"https:\/\/prod.printsmilepro.ma\/#\/schema\/logo\/image\/\"}}]}<\/script>\n<!-- \/ Yoast SEO plugin. -->","yoast_head_json":{"title":"Impression de Classeurs Personnalis\u00e9s \u00e0 Casablanca, Maroc","description":"Print Smile Pro vous offre des services d'impression de classeurs personnalis\u00e9s \u00e0 Casablanca, Maroc. Cr\u00e9ez des classeurs uniques...","robots":{"index":"noindex","follow":"follow","max-snippet":"max-snippet:-1","max-image-preview":"max-image-preview:large","max-video-preview":"max-video-preview:-1"},"og_locale":"es_ES","og_type":"article","og_title":"Impression de Classeurs Personnalis\u00e9s \u00e0 Casablanca, Maroc","og_description":"Print Smile Pro vous offre des services d'impression de classeurs personnalis\u00e9s \u00e0 Casablanca, Maroc. Cr\u00e9ez des classeurs uniques...","og_url":"https:\/\/prod.printsmilepro.ma\/es\/classeurs-personnalises\/","og_site_name":"Print Smile Pro","article_modified_time":"2025-05-27T14:45:08+00:00","twitter_card":"summary_large_image","twitter_misc":{"Tiempo de lectura":"2 minutos"},"schema":{"@context":"https:\/\/schema.org","@graph":[{"@type":"WebPage","@id":"https:\/\/prod.printsmilepro.ma\/classeurs-personnalises\/","url":"https:\/\/prod.printsmilepro.ma\/classeurs-personnalises\/","name":"Impression de Classeurs Personnalis\u00e9s \u00e0 Casablanca, Maroc","isPartOf":{"@id":"https:\/\/prod.printsmilepro.ma\/#website"},"datePublished":"2025-05-19T16:40:55+00:00","dateModified":"2025-05-27T14:45:08+00:00","description":"Print Smile Pro vous offre des services d'impression de classeurs personnalis\u00e9s \u00e0 Casablanca, Maroc. Cr\u00e9ez des classeurs uniques...","breadcrumb":{"@id":"https:\/\/prod.printsmilepro.ma\/classeurs-personnalises\/#breadcrumb"},"inLanguage":"es","potentialAction":[{"@type":"ReadAction","target":["https:\/\/prod.printsmilepro.ma\/classeurs-personnalises\/"]}]},{"@type":"BreadcrumbList","@id":"https:\/\/prod.printsmilepro.ma\/classeurs-personnalises\/#breadcrumb","itemListElement":[{"@type":"ListItem","position":1,"name":"Accueil","item":"https:\/\/prod.printsmilepro.ma\/"},{"@type":"ListItem","position":2,"name":"Classeurs Personnalis\u00e9s"}]},{"@type":"WebSite","@id":"https:\/\/prod.printsmilepro.ma\/#website","url":"https:\/\/prod.printsmilepro.ma\/","name":"Print Smile Pro","description":"Votre partenaire id\u00e9al pour la r\u00e9alisation de tous vos travaux d&#039;impression offset et num\u00e9rique","publisher":{"@id":"https:\/\/prod.printsmilepro.ma\/#organization"},"potentialAction":[{"@type":"SearchAction","target":{"@type":"EntryPoint","urlTemplate":"https:\/\/prod.printsmilepro.ma\/?s={search_term_string}"},"query-input":{"@type":"PropertyValueSpecification","valueRequired":true,"valueName":"search_term_string"}}],"inLanguage":"es"},{"@type":"Organization","@id":"https:\/\/prod.printsmilepro.ma\/#organization","name":"Print Smile Pro","url":"https:\/\/prod.printsmilepro.ma\/","logo":{"@type":"ImageObject","inLanguage":"es","@id":"https:\/\/prod.printsmilepro.ma\/#\/schema\/logo\/image\/","url":"https:\/\/prod.printsmilepro.ma\/wp-content\/uploads\/2025\/05\/logo-2.png","contentUrl":"https:\/\/prod.printsmilepro.ma\/wp-content\/uploads\/2025\/05\/logo-2.png","width":194,"height":80,"caption":"Print Smile Pro"},"image":{"@id":"https:\/\/prod.printsmilepro.ma\/#\/schema\/logo\/image\/"}}]}},"_links":{"self":[{"href":"https:\/\/prod.printsmilepro.ma\/es\/wp-json\/wp\/v2\/pages\/156","targetHints":{"allow":["GET"]}}],"collection":[{"href":"https:\/\/prod.printsmilepro.ma\/es\/wp-json\/wp\/v2\/pages"}],"about":[{"href":"https:\/\/prod.printsmilepro.ma\/es\/wp-json\/wp\/v2\/types\/page"}],"author":[{"embeddable":true,"href":"https:\/\/prod.printsmilepro.ma\/es\/wp-json\/wp\/v2\/users\/1"}],"replies":[{"embeddable":true,"href":"https:\/\/prod.printsmilepro.ma\/es\/wp-json\/wp\/v2\/comments?post=156"}],"version-history":[{"count":3,"href":"https:\/\/prod.printsmilepro.ma\/es\/wp-json\/wp\/v2\/pages\/156\/revisions"}],"predecessor-version":[{"id":248,"href":"https:\/\/prod.printsmilepro.ma\/es\/wp-json\/wp\/v2\/pages\/156\/revisions\/248"}],"wp:attachment":[{"href":"https:\/\/prod.printsmilepro.ma\/es\/wp-json\/wp\/v2\/media?parent=156"}],"curies":[{"name":"wp","href":"https:\/\/api.w.org\/{rel}","templated":true}]}}