{"id":150,"date":"2025-05-19T16:31:43","date_gmt":"2025-05-19T16:31:43","guid":{"rendered":"https:\/\/prod.printsmilepro.ma\/?page_id=150"},"modified":"2025-05-27T14:57:19","modified_gmt":"2025-05-27T14:57:19","slug":"enveloppes-personnalisees","status":"publish","type":"page","link":"https:\/\/prod.printsmilepro.ma\/es\/enveloppes-personnalisees\/","title":{"rendered":"Sobres personalizados"},"content":{"rendered":"<div id=\"fws_69fe294d8c9d9\"  data-column-margin=\"40px\" data-midnight=\"dark\"  class=\"wpb_row vc_row-fluid vc_row vc_row-o-equal-height vc_row-flex vc_row-o-content-middle  top_margin_40px bottom_margin_40px\"  style=\"padding-top: 0px; padding-bottom: 0px; \"><div class=\"row-bg-wrap\" data-bg-animation=\"none\" data-bg-animation-delay=\"\" data-bg-overlay=\"false\"><div class=\"inner-wrap row-bg-layer\" ><div class=\"row-bg viewport-desktop\"  style=\"\"><\/div><\/div><\/div><div class=\"row_col_wrap_12 col span_12 dark left\">\n\t<div  class=\"vc_col-sm-6 wpb_column column_container vc_column_container col no-extra-padding inherit_tablet inherit_phone\"  data-padding-pos=\"all\" data-has-bg-color=\"false\" data-bg-color=\"\" data-bg-opacity=\"1\" data-animation=\"\" data-delay=\"0\" >\n\t\t<div class=\"vc_column-inner\" >\n\t\t\t<div class=\"wpb_wrapper\">\n\t\t\t\t\n<div class=\"wpb_text_column wpb_content_element\" >\n\t<div class=\"wpb_wrapper\">\n\t\t<h2 class=\"AnswerParser_AnswerParserH4__ghxg8\"><strong>Impression d&rsquo;<\/strong><strong>Sobres personalizados<\/strong><\/h2>\n\t<\/div>\n<\/div>\n\n\n\n\n<div class=\"wpb_text_column wpb_content_element\" >\n\t<div class=\"wpb_wrapper\">\n\t\t<p>Les enveloppes personnalis\u00e9es jouent un r\u00f4le crucial dans la pr\u00e9sentation de vos communications \u00e9crites. Elles ajoutent une touche professionnelle \u00e0 vos envois, qu&rsquo;il s&rsquo;agisse de courriers d&rsquo;affaires, de factures ou d&rsquo;invitations. \u00c0 Casablanca, Print Smile Pro propose des enveloppes personnalis\u00e9es qui refl\u00e8tent l&rsquo;identit\u00e9 de votre marque et renforcent votre image professionnelle.<\/p>\n\t<\/div>\n<\/div>\n\n\n\n\n\t\t\t<\/div> \n\t\t<\/div>\n\t<\/div> \n\n\t<div  class=\"vc_col-sm-6 wpb_column column_container vc_column_container col no-extra-padding inherit_tablet inherit_phone\"  data-padding-pos=\"all\" data-has-bg-color=\"false\" data-bg-color=\"\" data-bg-opacity=\"1\" data-animation=\"\" data-delay=\"0\" >\n\t\t<div class=\"vc_column-inner\" >\n\t\t\t<div class=\"wpb_wrapper\">\n\t\t\t\t<div class=\"img-with-aniamtion-wrap\" data-max-width=\"100%\" data-max-width-mobile=\"default\" data-shadow=\"none\" data-animation=\"none\" >\n      <div class=\"inner\">\n        <div class=\"hover-wrap\"> \n          <div class=\"hover-wrap-inner\">\n            <img loading=\"lazy\" decoding=\"async\" class=\"img-with-animation skip-lazy\" data-delay=\"0\" height=\"473\" width=\"700\" data-animation=\"none\" src=\"https:\/\/prod.printsmilepro.ma\/wp-content\/uploads\/2025\/05\/Impression-enveloppe-personnalisee.jpg\" alt=\"\" srcset=\"https:\/\/prod.printsmilepro.ma\/wp-content\/uploads\/2025\/05\/Impression-enveloppe-personnalisee.jpg 700w, https:\/\/prod.printsmilepro.ma\/wp-content\/uploads\/2025\/05\/Impression-enveloppe-personnalisee-300x203.jpg 300w, https:\/\/prod.printsmilepro.ma\/wp-content\/uploads\/2025\/05\/Impression-enveloppe-personnalisee-400x269.jpg 400w\" sizes=\"auto, (max-width: 700px) 100vw, 700px\" \/>\n          <\/div>\n        <\/div>\n      <\/div>\n    <\/div>\n\t\t\t<\/div> \n\t\t<\/div>\n\t<\/div> \n<\/div><\/div>\n\t\t<div id=\"fws_69fe294d8ceb9\"  data-column-margin=\"40px\" data-midnight=\"dark\"  class=\"wpb_row vc_row-fluid vc_row full-width-section vc_row-o-equal-height vc_row-flex vc_row-o-content-middle  top_margin_40px bottom_margin_40px\"  style=\"padding-top: 40px; padding-bottom: 40px; \"><div class=\"row-bg-wrap\" data-bg-animation=\"none\" data-bg-animation-delay=\"\" data-bg-overlay=\"false\"><div class=\"inner-wrap row-bg-layer\" ><div class=\"row-bg viewport-desktop using-bg-color\"  style=\"background-color: #d3d3d3; \"><\/div><\/div><\/div><div class=\"row_col_wrap_12 col span_12 dark left\">\n\t<div  class=\"vc_col-sm-6 wpb_column column_container vc_column_container col no-extra-padding inherit_tablet inherit_phone\"  data-padding-pos=\"all\" data-has-bg-color=\"false\" data-bg-color=\"\" data-bg-opacity=\"1\" data-animation=\"\" data-delay=\"0\" >\n\t\t<div class=\"vc_column-inner\" >\n\t\t\t<div class=\"wpb_wrapper\">\n\t\t\t\t<div class=\"img-with-aniamtion-wrap\" data-max-width=\"100%\" data-max-width-mobile=\"default\" data-shadow=\"none\" data-animation=\"none\" >\n      <div class=\"inner\">\n        <div class=\"hover-wrap\"> \n          <div class=\"hover-wrap-inner\">\n            <img loading=\"lazy\" decoding=\"async\" class=\"img-with-animation skip-lazy\" data-delay=\"0\" height=\"1000\" width=\"1000\" data-animation=\"none\" src=\"https:\/\/prod.printsmilepro.ma\/wp-content\/uploads\/2025\/05\/impression-enveloppes-professionnelles-pour-entreprises.jpg\" alt=\"\" srcset=\"https:\/\/prod.printsmilepro.ma\/wp-content\/uploads\/2025\/05\/impression-enveloppes-professionnelles-pour-entreprises.jpg 1000w, https:\/\/prod.printsmilepro.ma\/wp-content\/uploads\/2025\/05\/impression-enveloppes-professionnelles-pour-entreprises-300x300.jpg 300w, https:\/\/prod.printsmilepro.ma\/wp-content\/uploads\/2025\/05\/impression-enveloppes-professionnelles-pour-entreprises-150x150.jpg 150w, https:\/\/prod.printsmilepro.ma\/wp-content\/uploads\/2025\/05\/impression-enveloppes-professionnelles-pour-entreprises-768x768.jpg 768w, https:\/\/prod.printsmilepro.ma\/wp-content\/uploads\/2025\/05\/impression-enveloppes-professionnelles-pour-entreprises-140x140.jpg 140w, https:\/\/prod.printsmilepro.ma\/wp-content\/uploads\/2025\/05\/impression-enveloppes-professionnelles-pour-entreprises-100x100.jpg 100w, https:\/\/prod.printsmilepro.ma\/wp-content\/uploads\/2025\/05\/impression-enveloppes-professionnelles-pour-entreprises-500x500.jpg 500w, https:\/\/prod.printsmilepro.ma\/wp-content\/uploads\/2025\/05\/impression-enveloppes-professionnelles-pour-entreprises-350x350.jpg 350w, https:\/\/prod.printsmilepro.ma\/wp-content\/uploads\/2025\/05\/impression-enveloppes-professionnelles-pour-entreprises-800x800.jpg 800w\" sizes=\"auto, (max-width: 1000px) 100vw, 1000px\" \/>\n          <\/div>\n        <\/div>\n      <\/div>\n    <\/div>\n\t\t\t<\/div> \n\t\t<\/div>\n\t<\/div> \n\n\t<div  class=\"vc_col-sm-6 wpb_column column_container vc_column_container col no-extra-padding inherit_tablet inherit_phone\"  data-padding-pos=\"all\" data-has-bg-color=\"false\" data-bg-color=\"\" data-bg-opacity=\"1\" data-animation=\"\" data-delay=\"0\" >\n\t\t<div class=\"vc_column-inner\" >\n\t\t\t<div class=\"wpb_wrapper\">\n\t\t\t\t\n<div class=\"wpb_text_column wpb_content_element\" >\n\t<div class=\"wpb_wrapper\">\n\t\t<h2 class=\"AnswerParser_AnswerParserH4__ghxg8\"><strong>Impression d&rsquo;<\/strong><strong>Sobres personalizados<\/strong><\/h2>\n\t<\/div>\n<\/div>\n\n\n\n\n<div class=\"wpb_text_column wpb_content_element\" >\n\t<div class=\"wpb_wrapper\">\n\t\t<p>Nous offrons une vari\u00e9t\u00e9 d&rsquo;options pour vos enveloppes personnalis\u00e9es, y compris diff\u00e9rents formats (DL, C5, C4, et autres) et types de papier. Vous pouvez choisir parmi plusieurs grammages, allant de 90 g\/m\u00b2 \u00e0 120 g\/m\u00b2, et opter pour des impressions en quadrichromie pour un rendu visuel percutant. La personnalisation peut inclure votre logo, des motifs ou des couleurs sp\u00e9cifiques, garantissant que vos enveloppes se d\u00e9marquent lors de leur r\u00e9ception.<\/p>\n\t<\/div>\n<\/div>\n\n\n\n\n\t\t\t<\/div> \n\t\t<\/div>\n\t<\/div> \n<\/div><\/div>\n\t\t<div id=\"fws_69fe294d8d278\"  data-column-margin=\"40px\" data-midnight=\"dark\"  class=\"wpb_row vc_row-fluid vc_row vc_row-o-equal-height vc_row-flex vc_row-o-content-middle  top_margin_40px bottom_margin_40px\"  style=\"padding-top: 0px; padding-bottom: 0px; \"><div class=\"row-bg-wrap\" data-bg-animation=\"none\" data-bg-animation-delay=\"\" data-bg-overlay=\"false\"><div class=\"inner-wrap row-bg-layer\" ><div class=\"row-bg viewport-desktop\"  style=\"\"><\/div><\/div><\/div><div class=\"row_col_wrap_12 col span_12 dark left\">\n\t<div  class=\"vc_col-sm-6 wpb_column column_container vc_column_container col no-extra-padding inherit_tablet inherit_phone\"  data-padding-pos=\"all\" data-has-bg-color=\"false\" data-bg-color=\"\" data-bg-opacity=\"1\" data-animation=\"\" data-delay=\"0\" >\n\t\t<div class=\"vc_column-inner\" >\n\t\t\t<div class=\"wpb_wrapper\">\n\t\t\t\t\n<div class=\"wpb_text_column wpb_content_element\" >\n\t<div class=\"wpb_wrapper\">\n\t\t<h2 class=\"AnswerParser_AnswerParserH4__ghxg8\"><strong>Impression d&rsquo;<\/strong><strong>Sobres personalizados<\/strong><\/h2>\n\t<\/div>\n<\/div>\n\n\n\n\n<div class=\"wpb_text_column wpb_content_element\" >\n\t<div class=\"wpb_wrapper\">\n\t\t<p data-start=\"147\" data-end=\"204\">Chez Print Smile Pro, nous nous engageons \u00e0 fournir un service client exceptionnel et une livraison rapide dans toute la r\u00e9gion de Casablanca et au-del\u00e0. Notre \u00e9quipe est disponible pour vous conseiller sur les meilleures options de personnalisation et pour vous aider \u00e0 cr\u00e9er des enveloppes qui r\u00e9pondent parfaitement \u00e0 vos besoins. Faites confiance \u00e0 Print Smile Pro pour des enveloppes personnalis\u00e9es de qualit\u00e9 qui renforceront votre communication \u00e9crite et l&rsquo;image de votre entreprise !<\/p>\n\t<\/div>\n<\/div>\n\n\n\n\n\t\t\t<\/div> \n\t\t<\/div>\n\t<\/div> \n\n\t<div  class=\"vc_col-sm-6 wpb_column column_container vc_column_container col no-extra-padding inherit_tablet inherit_phone\"  data-padding-pos=\"all\" data-has-bg-color=\"false\" data-bg-color=\"\" data-bg-opacity=\"1\" data-animation=\"\" data-delay=\"0\" >\n\t\t<div class=\"vc_column-inner\" >\n\t\t\t<div class=\"wpb_wrapper\">\n\t\t\t\t<div class=\"img-with-aniamtion-wrap\" data-max-width=\"100%\" data-max-width-mobile=\"default\" data-shadow=\"none\" data-animation=\"none\" >\n      <div class=\"inner\">\n        <div class=\"hover-wrap\"> \n          <div class=\"hover-wrap-inner\">\n            <img loading=\"lazy\" decoding=\"async\" class=\"img-with-animation skip-lazy\" data-delay=\"0\" height=\"1434\" width=\"1588\" data-animation=\"none\" src=\"https:\/\/prod.printsmilepro.ma\/wp-content\/uploads\/2025\/05\/Capture-decran-2023-03-27-a-17.45.33.png\" alt=\"\" srcset=\"https:\/\/prod.printsmilepro.ma\/wp-content\/uploads\/2025\/05\/Capture-decran-2023-03-27-a-17.45.33.png 1588w, https:\/\/prod.printsmilepro.ma\/wp-content\/uploads\/2025\/05\/Capture-decran-2023-03-27-a-17.45.33-300x271.png 300w, https:\/\/prod.printsmilepro.ma\/wp-content\/uploads\/2025\/05\/Capture-decran-2023-03-27-a-17.45.33-1024x925.png 1024w, https:\/\/prod.printsmilepro.ma\/wp-content\/uploads\/2025\/05\/Capture-decran-2023-03-27-a-17.45.33-768x694.png 768w, https:\/\/prod.printsmilepro.ma\/wp-content\/uploads\/2025\/05\/Capture-decran-2023-03-27-a-17.45.33-1536x1387.png 1536w\" sizes=\"auto, (max-width: 1588px) 100vw, 1588px\" \/>\n          <\/div>\n        <\/div>\n      <\/div>\n    <\/div>\n\t\t\t<\/div> \n\t\t<\/div>\n\t<\/div> \n<\/div><\/div>","protected":false},"excerpt":{"rendered":"Impression d'Enveloppes Personnalis\u00e9es Les enveloppes personnalis\u00e9es jouent un r\u00f4le crucial dans la pr\u00e9sentation de vos communications \u00e9crites. Elles ajoutent une touche professionnelle \u00e0 vos envois, qu'il s'agisse de courriers d'affaires,...","protected":false},"author":1,"featured_media":0,"parent":0,"menu_order":0,"comment_status":"closed","ping_status":"closed","template":"","meta":{"_joinchat":[],"footnotes":""},"class_list":["post-150","page","type-page","status-publish"],"yoast_head":"<!-- This site is optimized with the Yoast SEO plugin v25.2 - https:\/\/yoast.com\/wordpress\/plugins\/seo\/ -->\n<title>Impression d\u2019Enveloppes Personnalis\u00e9es \u00e0 Casablanca Maroc<\/title>\n<meta name=\"description\" content=\"Print Smile Pro vous propose des enveloppes personnalis\u00e9es de haute qualit\u00e9 \u00e0 Casablanca, Maroc. Id\u00e9ales pour vos correspondances ...\" \/>\n<meta name=\"robots\" content=\"noindex, follow, max-snippet:-1, max-image-preview:large, max-video-preview:-1\" \/>\n<meta property=\"og:locale\" content=\"es_ES\" \/>\n<meta property=\"og:type\" content=\"article\" \/>\n<meta property=\"og:title\" content=\"Impression d\u2019Enveloppes Personnalis\u00e9es \u00e0 Casablanca Maroc\" \/>\n<meta property=\"og:description\" content=\"Print Smile Pro vous propose des enveloppes personnalis\u00e9es de haute qualit\u00e9 \u00e0 Casablanca, Maroc. Id\u00e9ales pour vos correspondances ...\" \/>\n<meta property=\"og:url\" content=\"https:\/\/prod.printsmilepro.ma\/es\/enveloppes-personnalisees\/\" \/>\n<meta property=\"og:site_name\" content=\"Print Smile Pro\" \/>\n<meta property=\"article:modified_time\" content=\"2025-05-27T14:57:19+00:00\" \/>\n<meta name=\"twitter:card\" content=\"summary_large_image\" \/>\n<meta name=\"twitter:label1\" content=\"Tiempo de lectura\" \/>\n\t<meta name=\"twitter:data1\" content=\"2 minutos\" \/>\n<script type=\"application\/ld+json\" class=\"yoast-schema-graph\">{\"@context\":\"https:\/\/schema.org\",\"@graph\":[{\"@type\":\"WebPage\",\"@id\":\"https:\/\/prod.printsmilepro.ma\/enveloppes-personnalisees\/\",\"url\":\"https:\/\/prod.printsmilepro.ma\/enveloppes-personnalisees\/\",\"name\":\"Impression d\u2019Enveloppes Personnalis\u00e9es \u00e0 Casablanca Maroc\",\"isPartOf\":{\"@id\":\"https:\/\/prod.printsmilepro.ma\/#website\"},\"datePublished\":\"2025-05-19T16:31:43+00:00\",\"dateModified\":\"2025-05-27T14:57:19+00:00\",\"description\":\"Print Smile Pro vous propose des enveloppes personnalis\u00e9es de haute qualit\u00e9 \u00e0 Casablanca, Maroc. Id\u00e9ales pour vos correspondances ...\",\"breadcrumb\":{\"@id\":\"https:\/\/prod.printsmilepro.ma\/enveloppes-personnalisees\/#breadcrumb\"},\"inLanguage\":\"es\",\"potentialAction\":[{\"@type\":\"ReadAction\",\"target\":[\"https:\/\/prod.printsmilepro.ma\/enveloppes-personnalisees\/\"]}]},{\"@type\":\"BreadcrumbList\",\"@id\":\"https:\/\/prod.printsmilepro.ma\/enveloppes-personnalisees\/#breadcrumb\",\"itemListElement\":[{\"@type\":\"ListItem\",\"position\":1,\"name\":\"Accueil\",\"item\":\"https:\/\/prod.printsmilepro.ma\/\"},{\"@type\":\"ListItem\",\"position\":2,\"name\":\"Enveloppes Personnalis\u00e9es\"}]},{\"@type\":\"WebSite\",\"@id\":\"https:\/\/prod.printsmilepro.ma\/#website\",\"url\":\"https:\/\/prod.printsmilepro.ma\/\",\"name\":\"Print Smile Pro\",\"description\":\"Votre partenaire id\u00e9al pour la r\u00e9alisation de tous vos travaux d&#039;impression offset et num\u00e9rique\",\"publisher\":{\"@id\":\"https:\/\/prod.printsmilepro.ma\/#organization\"},\"potentialAction\":[{\"@type\":\"SearchAction\",\"target\":{\"@type\":\"EntryPoint\",\"urlTemplate\":\"https:\/\/prod.printsmilepro.ma\/?s={search_term_string}\"},\"query-input\":{\"@type\":\"PropertyValueSpecification\",\"valueRequired\":true,\"valueName\":\"search_term_string\"}}],\"inLanguage\":\"es\"},{\"@type\":\"Organization\",\"@id\":\"https:\/\/prod.printsmilepro.ma\/#organization\",\"name\":\"Print Smile Pro\",\"url\":\"https:\/\/prod.printsmilepro.ma\/\",\"logo\":{\"@type\":\"ImageObject\",\"inLanguage\":\"es\",\"@id\":\"https:\/\/prod.printsmilepro.ma\/#\/schema\/logo\/image\/\",\"url\":\"https:\/\/prod.printsmilepro.ma\/wp-content\/uploads\/2025\/05\/logo-2.png\",\"contentUrl\":\"https:\/\/prod.printsmilepro.ma\/wp-content\/uploads\/2025\/05\/logo-2.png\",\"width\":194,\"height\":80,\"caption\":\"Print Smile Pro\"},\"image\":{\"@id\":\"https:\/\/prod.printsmilepro.ma\/#\/schema\/logo\/image\/\"}}]}<\/script>\n<!-- \/ Yoast SEO plugin. -->","yoast_head_json":{"title":"Impression d\u2019Enveloppes Personnalis\u00e9es \u00e0 Casablanca Maroc","description":"Print Smile Pro vous propose des enveloppes personnalis\u00e9es de haute qualit\u00e9 \u00e0 Casablanca, Maroc. Id\u00e9ales pour vos correspondances ...","robots":{"index":"noindex","follow":"follow","max-snippet":"max-snippet:-1","max-image-preview":"max-image-preview:large","max-video-preview":"max-video-preview:-1"},"og_locale":"es_ES","og_type":"article","og_title":"Impression d\u2019Enveloppes Personnalis\u00e9es \u00e0 Casablanca Maroc","og_description":"Print Smile Pro vous propose des enveloppes personnalis\u00e9es de haute qualit\u00e9 \u00e0 Casablanca, Maroc. Id\u00e9ales pour vos correspondances ...","og_url":"https:\/\/prod.printsmilepro.ma\/es\/enveloppes-personnalisees\/","og_site_name":"Print Smile Pro","article_modified_time":"2025-05-27T14:57:19+00:00","twitter_card":"summary_large_image","twitter_misc":{"Tiempo de lectura":"2 minutos"},"schema":{"@context":"https:\/\/schema.org","@graph":[{"@type":"WebPage","@id":"https:\/\/prod.printsmilepro.ma\/enveloppes-personnalisees\/","url":"https:\/\/prod.printsmilepro.ma\/enveloppes-personnalisees\/","name":"Impression d\u2019Enveloppes Personnalis\u00e9es \u00e0 Casablanca Maroc","isPartOf":{"@id":"https:\/\/prod.printsmilepro.ma\/#website"},"datePublished":"2025-05-19T16:31:43+00:00","dateModified":"2025-05-27T14:57:19+00:00","description":"Print Smile Pro vous propose des enveloppes personnalis\u00e9es de haute qualit\u00e9 \u00e0 Casablanca, Maroc. Id\u00e9ales pour vos correspondances ...","breadcrumb":{"@id":"https:\/\/prod.printsmilepro.ma\/enveloppes-personnalisees\/#breadcrumb"},"inLanguage":"es","potentialAction":[{"@type":"ReadAction","target":["https:\/\/prod.printsmilepro.ma\/enveloppes-personnalisees\/"]}]},{"@type":"BreadcrumbList","@id":"https:\/\/prod.printsmilepro.ma\/enveloppes-personnalisees\/#breadcrumb","itemListElement":[{"@type":"ListItem","position":1,"name":"Accueil","item":"https:\/\/prod.printsmilepro.ma\/"},{"@type":"ListItem","position":2,"name":"Enveloppes Personnalis\u00e9es"}]},{"@type":"WebSite","@id":"https:\/\/prod.printsmilepro.ma\/#website","url":"https:\/\/prod.printsmilepro.ma\/","name":"Print Smile Pro","description":"Votre partenaire id\u00e9al pour la r\u00e9alisation de tous vos travaux d&#039;impression offset et num\u00e9rique","publisher":{"@id":"https:\/\/prod.printsmilepro.ma\/#organization"},"potentialAction":[{"@type":"SearchAction","target":{"@type":"EntryPoint","urlTemplate":"https:\/\/prod.printsmilepro.ma\/?s={search_term_string}"},"query-input":{"@type":"PropertyValueSpecification","valueRequired":true,"valueName":"search_term_string"}}],"inLanguage":"es"},{"@type":"Organization","@id":"https:\/\/prod.printsmilepro.ma\/#organization","name":"Print Smile Pro","url":"https:\/\/prod.printsmilepro.ma\/","logo":{"@type":"ImageObject","inLanguage":"es","@id":"https:\/\/prod.printsmilepro.ma\/#\/schema\/logo\/image\/","url":"https:\/\/prod.printsmilepro.ma\/wp-content\/uploads\/2025\/05\/logo-2.png","contentUrl":"https:\/\/prod.printsmilepro.ma\/wp-content\/uploads\/2025\/05\/logo-2.png","width":194,"height":80,"caption":"Print Smile Pro"},"image":{"@id":"https:\/\/prod.printsmilepro.ma\/#\/schema\/logo\/image\/"}}]}},"_links":{"self":[{"href":"https:\/\/prod.printsmilepro.ma\/es\/wp-json\/wp\/v2\/pages\/150","targetHints":{"allow":["GET"]}}],"collection":[{"href":"https:\/\/prod.printsmilepro.ma\/es\/wp-json\/wp\/v2\/pages"}],"about":[{"href":"https:\/\/prod.printsmilepro.ma\/es\/wp-json\/wp\/v2\/types\/page"}],"author":[{"embeddable":true,"href":"https:\/\/prod.printsmilepro.ma\/es\/wp-json\/wp\/v2\/users\/1"}],"replies":[{"embeddable":true,"href":"https:\/\/prod.printsmilepro.ma\/es\/wp-json\/wp\/v2\/comments?post=150"}],"version-history":[{"count":2,"href":"https:\/\/prod.printsmilepro.ma\/es\/wp-json\/wp\/v2\/pages\/150\/revisions"}],"predecessor-version":[{"id":281,"href":"https:\/\/prod.printsmilepro.ma\/es\/wp-json\/wp\/v2\/pages\/150\/revisions\/281"}],"wp:attachment":[{"href":"https:\/\/prod.printsmilepro.ma\/es\/wp-json\/wp\/v2\/media?parent=150"}],"curies":[{"name":"wp","href":"https:\/\/api.w.org\/{rel}","templated":true}]}}