{"id":142,"date":"2025-05-19T16:23:26","date_gmt":"2025-05-19T16:23:26","guid":{"rendered":"https:\/\/prod.printsmilepro.ma\/?page_id=142"},"modified":"2025-05-27T14:59:33","modified_gmt":"2025-05-27T14:59:33","slug":"libros-escolares","status":"publish","type":"page","link":"https:\/\/prod.printsmilepro.ma\/es\/libros-escolares\/","title":{"rendered":"Libros escolares"},"content":{"rendered":"<div id=\"fws_6a0046bcac389\"  data-column-margin=\"40px\" data-midnight=\"dark\"  class=\"wpb_row vc_row-fluid vc_row vc_row-o-equal-height vc_row-flex vc_row-o-content-middle  top_margin_40px bottom_margin_40px\"  style=\"padding-top: 0px; padding-bottom: 0px; \"><div class=\"row-bg-wrap\" data-bg-animation=\"none\" data-bg-animation-delay=\"\" data-bg-overlay=\"false\"><div class=\"inner-wrap row-bg-layer\" ><div class=\"row-bg viewport-desktop\"  style=\"\"><\/div><\/div><\/div><div class=\"row_col_wrap_12 col span_12 dark left\">\n\t<div  class=\"vc_col-sm-6 wpb_column column_container vc_column_container col no-extra-padding inherit_tablet inherit_phone\"  data-padding-pos=\"all\" data-has-bg-color=\"false\" data-bg-color=\"\" data-bg-opacity=\"1\" data-animation=\"\" data-delay=\"0\" >\n\t\t<div class=\"vc_column-inner\" >\n\t\t\t<div class=\"wpb_wrapper\">\n\t\t\t\t\n<div class=\"wpb_text_column wpb_content_element\" >\n\t<div class=\"wpb_wrapper\">\n\t\t<h2 class=\"AnswerParser_AnswerParserH4__ghxg8\"><strong>Impresi\u00f3n de <\/strong><strong>Libros escolares<\/strong><\/h2>\n\t<\/div>\n<\/div>\n\n\n\n\n<div class=\"wpb_text_column wpb_content_element\" >\n\t<div class=\"wpb_wrapper\">\n\t\t<p>Los libros de texto son herramientas esenciales para la educaci\u00f3n, ya que proporcionan a los estudiantes los recursos que necesitan para aprender y tener \u00e9xito. En Casablanca, Print Smile Pro ofrece servicios de impresi\u00f3n de libros de texto de alta calidad adaptados a las necesidades de los centros educativos, los profesores y las editoriales. Desde libros de texto y cuadernos de ejercicios hasta antolog\u00edas, nos comprometemos a producir libros que apoyen el aprendizaje.<\/p>\n\t<\/div>\n<\/div>\n\n\n\n\n\t\t\t<\/div> \n\t\t<\/div>\n\t<\/div> \n\n\t<div  class=\"vc_col-sm-6 wpb_column column_container vc_column_container col no-extra-padding inherit_tablet inherit_phone\"  data-padding-pos=\"all\" data-has-bg-color=\"false\" data-bg-color=\"\" data-bg-opacity=\"1\" data-animation=\"\" data-delay=\"0\" >\n\t\t<div class=\"vc_column-inner\" >\n\t\t\t<div class=\"wpb_wrapper\">\n\t\t\t\t<div class=\"img-with-aniamtion-wrap\" data-max-width=\"100%\" data-max-width-mobile=\"default\" data-shadow=\"none\" data-animation=\"none\" >\n      <div class=\"inner\">\n        <div class=\"hover-wrap\"> \n          <div class=\"hover-wrap-inner\">\n            <img loading=\"lazy\" decoding=\"async\" class=\"img-with-animation skip-lazy\" data-delay=\"0\" height=\"750\" width=\"1000\" data-animation=\"none\" src=\"https:\/\/prod.printsmilepro.ma\/wp-content\/uploads\/2025\/05\/impression-livre-auto-edition.webp\" alt=\"\" srcset=\"https:\/\/prod.printsmilepro.ma\/wp-content\/uploads\/2025\/05\/impression-livre-auto-edition.webp 1000w, https:\/\/prod.printsmilepro.ma\/wp-content\/uploads\/2025\/05\/impression-livre-auto-edition-300x225.webp 300w, https:\/\/prod.printsmilepro.ma\/wp-content\/uploads\/2025\/05\/impression-livre-auto-edition-768x576.webp 768w\" sizes=\"auto, (max-width: 1000px) 100vw, 1000px\" \/>\n          <\/div>\n        <\/div>\n      <\/div>\n    <\/div>\n\t\t\t<\/div> \n\t\t<\/div>\n\t<\/div> \n<\/div><\/div>\n\t\t<div id=\"fws_6a0046bcaccd5\"  data-column-margin=\"40px\" data-midnight=\"dark\"  class=\"wpb_row vc_row-fluid vc_row full-width-section vc_row-o-equal-height vc_row-flex vc_row-o-content-middle  top_margin_40px bottom_margin_40px\"  style=\"padding-top: 40px; padding-bottom: 40px; \"><div class=\"row-bg-wrap\" data-bg-animation=\"none\" data-bg-animation-delay=\"\" data-bg-overlay=\"false\"><div class=\"inner-wrap row-bg-layer\" ><div class=\"row-bg viewport-desktop using-bg-color\"  style=\"background-color: #d3d3d3; \"><\/div><\/div><\/div><div class=\"row_col_wrap_12 col span_12 dark left\">\n\t<div  class=\"vc_col-sm-6 wpb_column column_container vc_column_container col no-extra-padding inherit_tablet inherit_phone\"  data-padding-pos=\"all\" data-has-bg-color=\"false\" data-bg-color=\"\" data-bg-opacity=\"1\" data-animation=\"\" data-delay=\"0\" >\n\t\t<div class=\"vc_column-inner\" >\n\t\t\t<div class=\"wpb_wrapper\">\n\t\t\t\t<div class=\"img-with-aniamtion-wrap\" data-max-width=\"100%\" data-max-width-mobile=\"default\" data-shadow=\"none\" data-animation=\"none\" >\n      <div class=\"inner\">\n        <div class=\"hover-wrap\"> \n          <div class=\"hover-wrap-inner\">\n            <img loading=\"lazy\" decoding=\"async\" class=\"img-with-animation skip-lazy\" data-delay=\"0\" height=\"597\" width=\"1000\" data-animation=\"none\" src=\"https:\/\/prod.printsmilepro.ma\/wp-content\/uploads\/2025\/05\/impression-de-livres-pas-cher-libres-decrire-4.png\" alt=\"\" srcset=\"https:\/\/prod.printsmilepro.ma\/wp-content\/uploads\/2025\/05\/impression-de-livres-pas-cher-libres-decrire-4.png 1000w, https:\/\/prod.printsmilepro.ma\/wp-content\/uploads\/2025\/05\/impression-de-livres-pas-cher-libres-decrire-4-300x179.png 300w, https:\/\/prod.printsmilepro.ma\/wp-content\/uploads\/2025\/05\/impression-de-livres-pas-cher-libres-decrire-4-768x458.png 768w\" sizes=\"auto, (max-width: 1000px) 100vw, 1000px\" \/>\n          <\/div>\n        <\/div>\n      <\/div>\n    <\/div>\n\t\t\t<\/div> \n\t\t<\/div>\n\t<\/div> \n\n\t<div  class=\"vc_col-sm-6 wpb_column column_container vc_column_container col no-extra-padding inherit_tablet inherit_phone\"  data-padding-pos=\"all\" data-has-bg-color=\"false\" data-bg-color=\"\" data-bg-opacity=\"1\" data-animation=\"\" data-delay=\"0\" >\n\t\t<div class=\"vc_column-inner\" >\n\t\t\t<div class=\"wpb_wrapper\">\n\t\t\t\t\n<div class=\"wpb_text_column wpb_content_element\" >\n\t<div class=\"wpb_wrapper\">\n\t\t<h2 class=\"AnswerParser_AnswerParserH4__ghxg8\"><strong>Impresi\u00f3n de <\/strong><strong>Libros escolares<\/strong><\/h2>\n\t<\/div>\n<\/div>\n\n\n\n\n<div class=\"wpb_text_column wpb_content_element\" >\n\t<div class=\"wpb_wrapper\">\n\t\t<p>Ofrecemos una gran variedad de opciones para imprimir sus libros escolares, como tapas blandas o duras, tama\u00f1os personalizados y una selecci\u00f3n de papeles adecuados (reciclado, estucado, offset) para las p\u00e1ginas interiores. Nuestros libros pueden imprimirse a todo color para conseguir ilustraciones vivas y atractivas, y tambi\u00e9n ofrecemos acabados como el plastificado para una mayor durabilidad. Puede elegir la encuadernaci\u00f3n que mejor se adapte a sus necesidades, ya sea en espiral, grapada o con lomo cuadrado.<\/p>\n\t<\/div>\n<\/div>\n\n\n\n\n\t\t\t<\/div> \n\t\t<\/div>\n\t<\/div> \n<\/div><\/div>\n\t\t<div id=\"fws_6a0046bcad04e\"  data-column-margin=\"40px\" data-midnight=\"dark\"  class=\"wpb_row vc_row-fluid vc_row vc_row-o-equal-height vc_row-flex vc_row-o-content-middle  top_margin_40px bottom_margin_40px\"  style=\"padding-top: 0px; padding-bottom: 0px; \"><div class=\"row-bg-wrap\" data-bg-animation=\"none\" data-bg-animation-delay=\"\" data-bg-overlay=\"false\"><div class=\"inner-wrap row-bg-layer\" ><div class=\"row-bg viewport-desktop\"  style=\"\"><\/div><\/div><\/div><div class=\"row_col_wrap_12 col span_12 dark left\">\n\t<div  class=\"vc_col-sm-6 wpb_column column_container vc_column_container col no-extra-padding inherit_tablet inherit_phone\"  data-padding-pos=\"all\" data-has-bg-color=\"false\" data-bg-color=\"\" data-bg-opacity=\"1\" data-animation=\"\" data-delay=\"0\" >\n\t\t<div class=\"vc_column-inner\" >\n\t\t\t<div class=\"wpb_wrapper\">\n\t\t\t\t\n<div class=\"wpb_text_column wpb_content_element\" >\n\t<div class=\"wpb_wrapper\">\n\t\t<h2 class=\"AnswerParser_AnswerParserH4__ghxg8\"><strong>Impresi\u00f3n de <\/strong><strong>Libros escolares<\/strong><\/h2>\n\t<\/div>\n<\/div>\n\n\n\n\n<div class=\"wpb_text_column wpb_content_element\" >\n\t<div class=\"wpb_wrapper\">\n\t\t<p data-start=\"147\" data-end=\"204\">En Print Smile Pro, estamos comprometidos a proporcionar un servicio al cliente excepcional y una entrega r\u00e1pida en toda la zona de Casablanca y m\u00e1s all\u00e1. Nuestro equipo est\u00e1 disponible para asesorar sobre el dise\u00f1o, las opciones de impresi\u00f3n y los plazos de producci\u00f3n para garantizar que sus libros escolares est\u00e9n listos a tiempo para el inicio del nuevo curso escolar u otros eventos educativos. Conf\u00ede en Print Smile Pro para obtener libros de texto de calidad que cumplan los requisitos de su centro y apoyen la educaci\u00f3n de sus alumnos.<\/p>\n\t<\/div>\n<\/div>\n\n\n\n\n\t\t\t<\/div> \n\t\t<\/div>\n\t<\/div> \n\n\t<div  class=\"vc_col-sm-6 wpb_column column_container vc_column_container col no-extra-padding inherit_tablet inherit_phone\"  data-padding-pos=\"all\" data-has-bg-color=\"false\" data-bg-color=\"\" data-bg-opacity=\"1\" data-animation=\"\" data-delay=\"0\" >\n\t\t<div class=\"vc_column-inner\" >\n\t\t\t<div class=\"wpb_wrapper\">\n\t\t\t\t<div class=\"img-with-aniamtion-wrap\" data-max-width=\"100%\" data-max-width-mobile=\"default\" data-shadow=\"none\" data-animation=\"none\" >\n      <div class=\"inner\">\n        <div class=\"hover-wrap\"> \n          <div class=\"hover-wrap-inner\">\n            <img loading=\"lazy\" decoding=\"async\" class=\"img-with-animation skip-lazy\" data-delay=\"0\" height=\"1080\" width=\"1920\" data-animation=\"none\" src=\"https:\/\/prod.printsmilepro.ma\/wp-content\/uploads\/2025\/05\/imprimerie-chirat-catalogue-industriel-26-1920x1080-f50_50.webp\" alt=\"\" srcset=\"https:\/\/prod.printsmilepro.ma\/wp-content\/uploads\/2025\/05\/imprimerie-chirat-catalogue-industriel-26-1920x1080-f50_50.webp 1920w, https:\/\/prod.printsmilepro.ma\/wp-content\/uploads\/2025\/05\/imprimerie-chirat-catalogue-industriel-26-1920x1080-f50_50-300x169.webp 300w, https:\/\/prod.printsmilepro.ma\/wp-content\/uploads\/2025\/05\/imprimerie-chirat-catalogue-industriel-26-1920x1080-f50_50-1024x576.webp 1024w, https:\/\/prod.printsmilepro.ma\/wp-content\/uploads\/2025\/05\/imprimerie-chirat-catalogue-industriel-26-1920x1080-f50_50-768x432.webp 768w, https:\/\/prod.printsmilepro.ma\/wp-content\/uploads\/2025\/05\/imprimerie-chirat-catalogue-industriel-26-1920x1080-f50_50-1536x864.webp 1536w\" sizes=\"auto, (max-width: 1920px) 100vw, 1920px\" \/>\n          <\/div>\n        <\/div>\n      <\/div>\n    <\/div>\n\t\t\t<\/div> \n\t\t<\/div>\n\t<\/div> \n<\/div><\/div>","protected":false},"excerpt":{"rendered":"Impression de Livres Scolaires Les livres scolaires sont des outils essentiels pour l'\u00e9ducation, fournissant aux \u00e9l\u00e8ves les ressources n\u00e9cessaires pour apprendre et r\u00e9ussir. \u00c0 Casablanca, Print Smile Pro propose des...","protected":false},"author":1,"featured_media":0,"parent":0,"menu_order":0,"comment_status":"closed","ping_status":"closed","template":"","meta":{"_joinchat":[],"footnotes":""},"class_list":["post-142","page","type-page","status-publish"],"yoast_head":"<!-- This site is optimized with the Yoast SEO plugin v25.2 - https:\/\/yoast.com\/wordpress\/plugins\/seo\/ -->\n<title>Impression de Livres Scolaires \u00e0 Casablanca, Maroc<\/title>\n<meta name=\"description\" content=\"Print Smile Pro propose des services d&#039;impression de livres scolaires de haute qualit\u00e9 \u00e0 Casablanca, Maroc. Offrez aux \u00e9l\u00e8ves des manuels...\" \/>\n<meta name=\"robots\" content=\"noindex, follow, max-snippet:-1, max-image-preview:large, max-video-preview:-1\" \/>\n<meta property=\"og:locale\" content=\"es_ES\" \/>\n<meta property=\"og:type\" content=\"article\" \/>\n<meta property=\"og:title\" content=\"Impression de Livres Scolaires \u00e0 Casablanca, Maroc\" \/>\n<meta property=\"og:description\" content=\"Print Smile Pro propose des services d&#039;impression de livres scolaires de haute qualit\u00e9 \u00e0 Casablanca, Maroc. Offrez aux \u00e9l\u00e8ves des manuels...\" \/>\n<meta property=\"og:url\" content=\"https:\/\/prod.printsmilepro.ma\/es\/libros-escolares\/\" \/>\n<meta property=\"og:site_name\" content=\"Print Smile Pro\" \/>\n<meta property=\"article:modified_time\" content=\"2025-05-27T14:59:33+00:00\" \/>\n<meta name=\"twitter:card\" content=\"summary_large_image\" \/>\n<meta name=\"twitter:label1\" content=\"Tiempo de lectura\" \/>\n\t<meta name=\"twitter:data1\" content=\"2 minutos\" \/>\n<script type=\"application\/ld+json\" class=\"yoast-schema-graph\">{\"@context\":\"https:\/\/schema.org\",\"@graph\":[{\"@type\":\"WebPage\",\"@id\":\"https:\/\/prod.printsmilepro.ma\/livres-scolaires\/\",\"url\":\"https:\/\/prod.printsmilepro.ma\/livres-scolaires\/\",\"name\":\"Impression de Livres Scolaires \u00e0 Casablanca, Maroc\",\"isPartOf\":{\"@id\":\"https:\/\/prod.printsmilepro.ma\/#website\"},\"datePublished\":\"2025-05-19T16:23:26+00:00\",\"dateModified\":\"2025-05-27T14:59:33+00:00\",\"description\":\"Print Smile Pro propose des services d'impression de livres scolaires de haute qualit\u00e9 \u00e0 Casablanca, Maroc. Offrez aux \u00e9l\u00e8ves des manuels...\",\"breadcrumb\":{\"@id\":\"https:\/\/prod.printsmilepro.ma\/livres-scolaires\/#breadcrumb\"},\"inLanguage\":\"es\",\"potentialAction\":[{\"@type\":\"ReadAction\",\"target\":[\"https:\/\/prod.printsmilepro.ma\/livres-scolaires\/\"]}]},{\"@type\":\"BreadcrumbList\",\"@id\":\"https:\/\/prod.printsmilepro.ma\/livres-scolaires\/#breadcrumb\",\"itemListElement\":[{\"@type\":\"ListItem\",\"position\":1,\"name\":\"Accueil\",\"item\":\"https:\/\/prod.printsmilepro.ma\/\"},{\"@type\":\"ListItem\",\"position\":2,\"name\":\"Livres Scolaires\"}]},{\"@type\":\"WebSite\",\"@id\":\"https:\/\/prod.printsmilepro.ma\/#website\",\"url\":\"https:\/\/prod.printsmilepro.ma\/\",\"name\":\"Print Smile Pro\",\"description\":\"Votre partenaire id\u00e9al pour la r\u00e9alisation de tous vos travaux d&#039;impression offset et num\u00e9rique\",\"publisher\":{\"@id\":\"https:\/\/prod.printsmilepro.ma\/#organization\"},\"potentialAction\":[{\"@type\":\"SearchAction\",\"target\":{\"@type\":\"EntryPoint\",\"urlTemplate\":\"https:\/\/prod.printsmilepro.ma\/?s={search_term_string}\"},\"query-input\":{\"@type\":\"PropertyValueSpecification\",\"valueRequired\":true,\"valueName\":\"search_term_string\"}}],\"inLanguage\":\"es\"},{\"@type\":\"Organization\",\"@id\":\"https:\/\/prod.printsmilepro.ma\/#organization\",\"name\":\"Print Smile Pro\",\"url\":\"https:\/\/prod.printsmilepro.ma\/\",\"logo\":{\"@type\":\"ImageObject\",\"inLanguage\":\"es\",\"@id\":\"https:\/\/prod.printsmilepro.ma\/#\/schema\/logo\/image\/\",\"url\":\"https:\/\/prod.printsmilepro.ma\/wp-content\/uploads\/2025\/05\/logo-2.png\",\"contentUrl\":\"https:\/\/prod.printsmilepro.ma\/wp-content\/uploads\/2025\/05\/logo-2.png\",\"width\":194,\"height\":80,\"caption\":\"Print Smile Pro\"},\"image\":{\"@id\":\"https:\/\/prod.printsmilepro.ma\/#\/schema\/logo\/image\/\"}}]}<\/script>\n<!-- \/ Yoast SEO plugin. -->","yoast_head_json":{"title":"Impression de Livres Scolaires \u00e0 Casablanca, Maroc","description":"Print Smile Pro propose des services d'impression de livres scolaires de haute qualit\u00e9 \u00e0 Casablanca, Maroc. Offrez aux \u00e9l\u00e8ves des manuels...","robots":{"index":"noindex","follow":"follow","max-snippet":"max-snippet:-1","max-image-preview":"max-image-preview:large","max-video-preview":"max-video-preview:-1"},"og_locale":"es_ES","og_type":"article","og_title":"Impression de Livres Scolaires \u00e0 Casablanca, Maroc","og_description":"Print Smile Pro propose des services d'impression de livres scolaires de haute qualit\u00e9 \u00e0 Casablanca, Maroc. Offrez aux \u00e9l\u00e8ves des manuels...","og_url":"https:\/\/prod.printsmilepro.ma\/es\/libros-escolares\/","og_site_name":"Print Smile Pro","article_modified_time":"2025-05-27T14:59:33+00:00","twitter_card":"summary_large_image","twitter_misc":{"Tiempo de lectura":"2 minutos"},"schema":{"@context":"https:\/\/schema.org","@graph":[{"@type":"WebPage","@id":"https:\/\/prod.printsmilepro.ma\/livres-scolaires\/","url":"https:\/\/prod.printsmilepro.ma\/livres-scolaires\/","name":"Impression de Livres Scolaires \u00e0 Casablanca, Maroc","isPartOf":{"@id":"https:\/\/prod.printsmilepro.ma\/#website"},"datePublished":"2025-05-19T16:23:26+00:00","dateModified":"2025-05-27T14:59:33+00:00","description":"Print Smile Pro propose des services d'impression de livres scolaires de haute qualit\u00e9 \u00e0 Casablanca, Maroc. Offrez aux \u00e9l\u00e8ves des manuels...","breadcrumb":{"@id":"https:\/\/prod.printsmilepro.ma\/livres-scolaires\/#breadcrumb"},"inLanguage":"es","potentialAction":[{"@type":"ReadAction","target":["https:\/\/prod.printsmilepro.ma\/livres-scolaires\/"]}]},{"@type":"BreadcrumbList","@id":"https:\/\/prod.printsmilepro.ma\/livres-scolaires\/#breadcrumb","itemListElement":[{"@type":"ListItem","position":1,"name":"Accueil","item":"https:\/\/prod.printsmilepro.ma\/"},{"@type":"ListItem","position":2,"name":"Livres Scolaires"}]},{"@type":"WebSite","@id":"https:\/\/prod.printsmilepro.ma\/#website","url":"https:\/\/prod.printsmilepro.ma\/","name":"Print Smile Pro","description":"Votre partenaire id\u00e9al pour la r\u00e9alisation de tous vos travaux d&#039;impression offset et num\u00e9rique","publisher":{"@id":"https:\/\/prod.printsmilepro.ma\/#organization"},"potentialAction":[{"@type":"SearchAction","target":{"@type":"EntryPoint","urlTemplate":"https:\/\/prod.printsmilepro.ma\/?s={search_term_string}"},"query-input":{"@type":"PropertyValueSpecification","valueRequired":true,"valueName":"search_term_string"}}],"inLanguage":"es"},{"@type":"Organization","@id":"https:\/\/prod.printsmilepro.ma\/#organization","name":"Print Smile Pro","url":"https:\/\/prod.printsmilepro.ma\/","logo":{"@type":"ImageObject","inLanguage":"es","@id":"https:\/\/prod.printsmilepro.ma\/#\/schema\/logo\/image\/","url":"https:\/\/prod.printsmilepro.ma\/wp-content\/uploads\/2025\/05\/logo-2.png","contentUrl":"https:\/\/prod.printsmilepro.ma\/wp-content\/uploads\/2025\/05\/logo-2.png","width":194,"height":80,"caption":"Print Smile Pro"},"image":{"@id":"https:\/\/prod.printsmilepro.ma\/#\/schema\/logo\/image\/"}}]}},"_links":{"self":[{"href":"https:\/\/prod.printsmilepro.ma\/es\/wp-json\/wp\/v2\/pages\/142","targetHints":{"allow":["GET"]}}],"collection":[{"href":"https:\/\/prod.printsmilepro.ma\/es\/wp-json\/wp\/v2\/pages"}],"about":[{"href":"https:\/\/prod.printsmilepro.ma\/es\/wp-json\/wp\/v2\/types\/page"}],"author":[{"embeddable":true,"href":"https:\/\/prod.printsmilepro.ma\/es\/wp-json\/wp\/v2\/users\/1"}],"replies":[{"embeddable":true,"href":"https:\/\/prod.printsmilepro.ma\/es\/wp-json\/wp\/v2\/comments?post=142"}],"version-history":[{"count":4,"href":"https:\/\/prod.printsmilepro.ma\/es\/wp-json\/wp\/v2\/pages\/142\/revisions"}],"predecessor-version":[{"id":294,"href":"https:\/\/prod.printsmilepro.ma\/es\/wp-json\/wp\/v2\/pages\/142\/revisions\/294"}],"wp:attachment":[{"href":"https:\/\/prod.printsmilepro.ma\/es\/wp-json\/wp\/v2\/media?parent=142"}],"curies":[{"name":"wp","href":"https:\/\/api.w.org\/{rel}","templated":true}]}}