{"id":129,"date":"2025-05-19T16:11:21","date_gmt":"2025-05-19T16:11:21","guid":{"rendered":"https:\/\/prod.printsmilepro.ma\/?page_id=129"},"modified":"2025-05-27T14:41:07","modified_gmt":"2025-05-27T14:41:07","slug":"tarjetas-de-visita","status":"publish","type":"page","link":"https:\/\/prod.printsmilepro.ma\/es\/tarjetas-de-visita\/","title":{"rendered":"Tarjetas de visita"},"content":{"rendered":"<div id=\"fws_69fe293c1e7ac\"  data-column-margin=\"40px\" data-midnight=\"dark\"  class=\"wpb_row vc_row-fluid vc_row vc_row-o-equal-height vc_row-flex vc_row-o-content-middle  top_margin_40px bottom_margin_40px\"  style=\"padding-top: 0px; padding-bottom: 0px; \"><div class=\"row-bg-wrap\" data-bg-animation=\"none\" data-bg-animation-delay=\"\" data-bg-overlay=\"false\"><div class=\"inner-wrap row-bg-layer\" ><div class=\"row-bg viewport-desktop\"  style=\"\"><\/div><\/div><\/div><div class=\"row_col_wrap_12 col span_12 dark left\">\n\t<div  class=\"vc_col-sm-6 wpb_column column_container vc_column_container col no-extra-padding inherit_tablet inherit_phone\"  data-padding-pos=\"all\" data-has-bg-color=\"false\" data-bg-color=\"\" data-bg-opacity=\"1\" data-animation=\"\" data-delay=\"0\" >\n\t\t<div class=\"vc_column-inner\" >\n\t\t\t<div class=\"wpb_wrapper\">\n\t\t\t\t\n<div class=\"wpb_text_column wpb_content_element\" >\n\t<div class=\"wpb_wrapper\">\n\t\t<h2 class=\"AnswerParser_AnswerParserH4__ghxg8\"><strong>Impresi\u00f3n <\/strong>Tarjetas de visita<\/h2>\n\t<\/div>\n<\/div>\n\n\n\n\n<div class=\"wpb_text_column wpb_content_element\" >\n\t<div class=\"wpb_wrapper\">\n\t\t<p>Las tarjetas de visita son una herramienta esencial para cualquier empresa que desee establecer una fuerte presencia profesional. En Casablanca, Print Smile Pro ofrece tarjetas de visita personalizadas que cautivan y dejan una impresi\u00f3n duradera. Cada tarjeta se dise\u00f1a cuidadosamente para reflejar la esencia \u00fanica de su empresa, ya sea para reuniones de negocios, ferias comerciales o eventos de networking.<\/p>\n\t<\/div>\n<\/div>\n\n\n\n\n\t\t\t<\/div> \n\t\t<\/div>\n\t<\/div> \n\n\t<div  class=\"vc_col-sm-6 wpb_column column_container vc_column_container col no-extra-padding inherit_tablet inherit_phone\"  data-padding-pos=\"all\" data-has-bg-color=\"false\" data-bg-color=\"\" data-bg-opacity=\"1\" data-animation=\"\" data-delay=\"0\" >\n\t\t<div class=\"vc_column-inner\" >\n\t\t\t<div class=\"wpb_wrapper\">\n\t\t\t\t<div class=\"img-with-aniamtion-wrap\" data-max-width=\"100%\" data-max-width-mobile=\"default\" data-shadow=\"none\" data-animation=\"none\" >\n      <div class=\"inner\">\n        <div class=\"hover-wrap\"> \n          <div class=\"hover-wrap-inner\">\n            <img loading=\"lazy\" decoding=\"async\" class=\"img-with-animation skip-lazy\" data-delay=\"0\" height=\"870\" width=\"1499\" data-animation=\"none\" src=\"https:\/\/prod.printsmilepro.ma\/wp-content\/uploads\/2025\/05\/banner_business-cards_paper_02_d.jpg\" alt=\"\" srcset=\"https:\/\/prod.printsmilepro.ma\/wp-content\/uploads\/2025\/05\/banner_business-cards_paper_02_d.jpg 1499w, https:\/\/prod.printsmilepro.ma\/wp-content\/uploads\/2025\/05\/banner_business-cards_paper_02_d-300x174.jpg 300w, https:\/\/prod.printsmilepro.ma\/wp-content\/uploads\/2025\/05\/banner_business-cards_paper_02_d-1024x594.jpg 1024w, https:\/\/prod.printsmilepro.ma\/wp-content\/uploads\/2025\/05\/banner_business-cards_paper_02_d-768x446.jpg 768w\" sizes=\"auto, (max-width: 1499px) 100vw, 1499px\" \/>\n          <\/div>\n        <\/div>\n      <\/div>\n    <\/div>\n\t\t\t<\/div> \n\t\t<\/div>\n\t<\/div> \n<\/div><\/div>\n\t\t<div id=\"fws_69fe293c1f09a\"  data-column-margin=\"40px\" data-midnight=\"dark\"  class=\"wpb_row vc_row-fluid vc_row full-width-section vc_row-o-equal-height vc_row-flex vc_row-o-content-middle  top_margin_40px bottom_margin_40px\"  style=\"padding-top: 40px; padding-bottom: 40px; \"><div class=\"row-bg-wrap\" data-bg-animation=\"none\" data-bg-animation-delay=\"\" data-bg-overlay=\"false\"><div class=\"inner-wrap row-bg-layer\" ><div class=\"row-bg viewport-desktop using-bg-color\"  style=\"background-color: #d3d3d3; \"><\/div><\/div><\/div><div class=\"row_col_wrap_12 col span_12 dark left\">\n\t<div  class=\"vc_col-sm-6 wpb_column column_container vc_column_container col no-extra-padding inherit_tablet inherit_phone\"  data-padding-pos=\"all\" data-has-bg-color=\"false\" data-bg-color=\"\" data-bg-opacity=\"1\" data-animation=\"\" data-delay=\"0\" >\n\t\t<div class=\"vc_column-inner\" >\n\t\t\t<div class=\"wpb_wrapper\">\n\t\t\t\t<div class=\"img-with-aniamtion-wrap\" data-max-width=\"100%\" data-max-width-mobile=\"default\" data-shadow=\"none\" data-animation=\"none\" >\n      <div class=\"inner\">\n        <div class=\"hover-wrap\"> \n          <div class=\"hover-wrap-inner\">\n            <img loading=\"lazy\" decoding=\"async\" class=\"img-with-animation skip-lazy\" data-delay=\"0\" height=\"850\" width=\"1134\" data-animation=\"none\" src=\"https:\/\/prod.printsmilepro.ma\/wp-content\/uploads\/2025\/05\/business-cards-digital-printing.jpg\" alt=\"\" srcset=\"https:\/\/prod.printsmilepro.ma\/wp-content\/uploads\/2025\/05\/business-cards-digital-printing.jpg 1134w, https:\/\/prod.printsmilepro.ma\/wp-content\/uploads\/2025\/05\/business-cards-digital-printing-300x225.jpg 300w, https:\/\/prod.printsmilepro.ma\/wp-content\/uploads\/2025\/05\/business-cards-digital-printing-1024x768.jpg 1024w, https:\/\/prod.printsmilepro.ma\/wp-content\/uploads\/2025\/05\/business-cards-digital-printing-768x576.jpg 768w\" sizes=\"auto, (max-width: 1134px) 100vw, 1134px\" \/>\n          <\/div>\n        <\/div>\n      <\/div>\n    <\/div>\n\t\t\t<\/div> \n\t\t<\/div>\n\t<\/div> \n\n\t<div  class=\"vc_col-sm-6 wpb_column column_container vc_column_container col no-extra-padding inherit_tablet inherit_phone\"  data-padding-pos=\"all\" data-has-bg-color=\"false\" data-bg-color=\"\" data-bg-opacity=\"1\" data-animation=\"\" data-delay=\"0\" >\n\t\t<div class=\"vc_column-inner\" >\n\t\t\t<div class=\"wpb_wrapper\">\n\t\t\t\t\n<div class=\"wpb_text_column wpb_content_element\" >\n\t<div class=\"wpb_wrapper\">\n\t\t<h2 class=\"AnswerParser_AnswerParserH4__ghxg8\"><strong>Impresi\u00f3n <\/strong>Tarjetas de visita<\/h2>\n\t<\/div>\n<\/div>\n\n\n\n\n<div class=\"wpb_text_column wpb_content_element\" >\n\t<div class=\"wpb_wrapper\">\n\t\t<p>Le ofrecemos una amplia gama de opciones para sus tarjetas de visita, incluidos distintos tipos de papel, como papel estucado de 300 g\/m\u00b2, papel estucado de 350 g\/m\u00b2 o papel texturado blanco o marfil. Puede elegir entre varios acabados, como laminado mate, brillante o suave al tacto, para dar a sus tarjetas un aspecto profesional y refinado. Tanto si necesita impresi\u00f3n a una cara como a doble cara, le garantizamos una calidad de impresi\u00f3n impecable gracias a nuestras modernas m\u00e1quinas.<\/p>\n\t<\/div>\n<\/div>\n\n\n\n\n\t\t\t<\/div> \n\t\t<\/div>\n\t<\/div> \n<\/div><\/div>\n\t\t<div id=\"fws_69fe293c1f40a\"  data-column-margin=\"40px\" data-midnight=\"dark\"  class=\"wpb_row vc_row-fluid vc_row vc_row-o-equal-height vc_row-flex vc_row-o-content-middle  top_margin_40px bottom_margin_40px\"  style=\"padding-top: 0px; padding-bottom: 0px; \"><div class=\"row-bg-wrap\" data-bg-animation=\"none\" data-bg-animation-delay=\"\" data-bg-overlay=\"false\"><div class=\"inner-wrap row-bg-layer\" ><div class=\"row-bg viewport-desktop\"  style=\"\"><\/div><\/div><\/div><div class=\"row_col_wrap_12 col span_12 dark left\">\n\t<div  class=\"vc_col-sm-6 wpb_column column_container vc_column_container col no-extra-padding inherit_tablet inherit_phone\"  data-padding-pos=\"all\" data-has-bg-color=\"false\" data-bg-color=\"\" data-bg-opacity=\"1\" data-animation=\"\" data-delay=\"0\" >\n\t\t<div class=\"vc_column-inner\" >\n\t\t\t<div class=\"wpb_wrapper\">\n\t\t\t\t\n<div class=\"wpb_text_column wpb_content_element\" >\n\t<div class=\"wpb_wrapper\">\n\t\t<h2 class=\"AnswerParser_AnswerParserH4__ghxg8\"><strong>Impresi\u00f3n <\/strong>Tarjetas de visita<\/h2>\n\t<\/div>\n<\/div>\n\n\n\n\n<div class=\"wpb_text_column wpb_content_element\" >\n\t<div class=\"wpb_wrapper\">\n\t\t<p data-start=\"147\" data-end=\"204\">En Print Smile Pro, estamos comprometidos a proporcionar un servicio al cliente excepcional y una entrega r\u00e1pida en toda la regi\u00f3n de Casablanca y m\u00e1s all\u00e1. Puede encargar sus tarjetas de visita en l\u00ednea con s\u00f3lo unos clics, y nosotros nos encargaremos del resto. Con nuestro equipo a su disposici\u00f3n para asesorarle sobre el dise\u00f1o y las opciones de impresi\u00f3n, puede estar seguro de que sus tarjetas de visita estar\u00e1n listas a tiempo para su pr\u00f3xima oportunidad de negocio. Conf\u00ede en Print Smile Pro para dar vida a su imagen de marca con tarjetas de visita de alta calidad.<\/p>\n\t<\/div>\n<\/div>\n\n\n\n\n\t\t\t<\/div> \n\t\t<\/div>\n\t<\/div> \n\n\t<div  class=\"vc_col-sm-6 wpb_column column_container vc_column_container col no-extra-padding inherit_tablet inherit_phone\"  data-padding-pos=\"all\" data-has-bg-color=\"false\" data-bg-color=\"\" data-bg-opacity=\"1\" data-animation=\"\" data-delay=\"0\" >\n\t\t<div class=\"vc_column-inner\" >\n\t\t\t<div class=\"wpb_wrapper\">\n\t\t\t\t<div class=\"img-with-aniamtion-wrap\" data-max-width=\"100%\" data-max-width-mobile=\"default\" data-shadow=\"none\" data-animation=\"none\" >\n      <div class=\"inner\">\n        <div class=\"hover-wrap\"> \n          <div class=\"hover-wrap-inner\">\n            <img loading=\"lazy\" decoding=\"async\" class=\"img-with-animation skip-lazy\" data-delay=\"0\" height=\"1200\" width=\"1600\" data-animation=\"none\" src=\"https:\/\/prod.printsmilepro.ma\/wp-content\/uploads\/2025\/05\/NPIB-46493-Standard-BC-Hero-001.jpg\" alt=\"\" srcset=\"https:\/\/prod.printsmilepro.ma\/wp-content\/uploads\/2025\/05\/NPIB-46493-Standard-BC-Hero-001.jpg 1600w, https:\/\/prod.printsmilepro.ma\/wp-content\/uploads\/2025\/05\/NPIB-46493-Standard-BC-Hero-001-300x225.jpg 300w, https:\/\/prod.printsmilepro.ma\/wp-content\/uploads\/2025\/05\/NPIB-46493-Standard-BC-Hero-001-1024x768.jpg 1024w, https:\/\/prod.printsmilepro.ma\/wp-content\/uploads\/2025\/05\/NPIB-46493-Standard-BC-Hero-001-768x576.jpg 768w, https:\/\/prod.printsmilepro.ma\/wp-content\/uploads\/2025\/05\/NPIB-46493-Standard-BC-Hero-001-1536x1152.jpg 1536w\" sizes=\"auto, (max-width: 1600px) 100vw, 1600px\" \/>\n          <\/div>\n        <\/div>\n      <\/div>\n    <\/div>\n\t\t\t<\/div> \n\t\t<\/div>\n\t<\/div> \n<\/div><\/div>","protected":false},"excerpt":{"rendered":"Impression des Cartes de Visite Les cartes de visite sont un outil essentiel pour toute entreprise souhaitant \u00e9tablir une pr\u00e9sence professionnelle forte. \u00c0 Casablanca, Print Smile Pro propose des cartes...","protected":false},"author":1,"featured_media":0,"parent":0,"menu_order":0,"comment_status":"closed","ping_status":"closed","template":"","meta":{"_joinchat":[],"footnotes":""},"class_list":["post-129","page","type-page","status-publish"],"yoast_head":"<!-- This site is optimized with the Yoast SEO plugin v25.2 - https:\/\/yoast.com\/wordpress\/plugins\/seo\/ -->\n<title>Impression de Cartes de Visite \u00e0 Casablanca Maroc<\/title>\n<meta name=\"description\" content=\"Print Smile Pro vous propose des services d&#039;impression de cartes de visite de haute qualit\u00e9 \u00e0 Casablanca, Maroc. Personnalisez vos cartes pour laisser une impression durable et professionnelle.\" \/>\n<meta name=\"robots\" content=\"noindex, follow, max-snippet:-1, max-image-preview:large, max-video-preview:-1\" \/>\n<meta property=\"og:locale\" content=\"es_ES\" \/>\n<meta property=\"og:type\" content=\"article\" \/>\n<meta property=\"og:title\" content=\"Impression de Cartes de Visite \u00e0 Casablanca Maroc\" \/>\n<meta property=\"og:description\" content=\"Print Smile Pro vous propose des services d&#039;impression de cartes de visite de haute qualit\u00e9 \u00e0 Casablanca, Maroc. Personnalisez vos cartes pour laisser une impression durable et professionnelle.\" \/>\n<meta property=\"og:url\" content=\"https:\/\/prod.printsmilepro.ma\/es\/tarjetas-de-visita\/\" \/>\n<meta property=\"og:site_name\" content=\"Print Smile Pro\" \/>\n<meta property=\"article:modified_time\" content=\"2025-05-27T14:41:07+00:00\" \/>\n<meta name=\"twitter:card\" content=\"summary_large_image\" \/>\n<meta name=\"twitter:label1\" content=\"Tiempo de lectura\" \/>\n\t<meta name=\"twitter:data1\" content=\"2 minutos\" \/>\n<script type=\"application\/ld+json\" class=\"yoast-schema-graph\">{\"@context\":\"https:\/\/schema.org\",\"@graph\":[{\"@type\":\"WebPage\",\"@id\":\"https:\/\/prod.printsmilepro.ma\/cartes-de-visite\/\",\"url\":\"https:\/\/prod.printsmilepro.ma\/cartes-de-visite\/\",\"name\":\"Impression de Cartes de Visite \u00e0 Casablanca Maroc\",\"isPartOf\":{\"@id\":\"https:\/\/prod.printsmilepro.ma\/#website\"},\"datePublished\":\"2025-05-19T16:11:21+00:00\",\"dateModified\":\"2025-05-27T14:41:07+00:00\",\"description\":\"Print Smile Pro vous propose des services d'impression de cartes de visite de haute qualit\u00e9 \u00e0 Casablanca, Maroc. Personnalisez vos cartes pour laisser une impression durable et professionnelle.\",\"breadcrumb\":{\"@id\":\"https:\/\/prod.printsmilepro.ma\/cartes-de-visite\/#breadcrumb\"},\"inLanguage\":\"es\",\"potentialAction\":[{\"@type\":\"ReadAction\",\"target\":[\"https:\/\/prod.printsmilepro.ma\/cartes-de-visite\/\"]}]},{\"@type\":\"BreadcrumbList\",\"@id\":\"https:\/\/prod.printsmilepro.ma\/cartes-de-visite\/#breadcrumb\",\"itemListElement\":[{\"@type\":\"ListItem\",\"position\":1,\"name\":\"Accueil\",\"item\":\"https:\/\/prod.printsmilepro.ma\/\"},{\"@type\":\"ListItem\",\"position\":2,\"name\":\"Cartes de Visite\"}]},{\"@type\":\"WebSite\",\"@id\":\"https:\/\/prod.printsmilepro.ma\/#website\",\"url\":\"https:\/\/prod.printsmilepro.ma\/\",\"name\":\"Print Smile Pro\",\"description\":\"Votre partenaire id\u00e9al pour la r\u00e9alisation de tous vos travaux d&#039;impression offset et num\u00e9rique\",\"publisher\":{\"@id\":\"https:\/\/prod.printsmilepro.ma\/#organization\"},\"potentialAction\":[{\"@type\":\"SearchAction\",\"target\":{\"@type\":\"EntryPoint\",\"urlTemplate\":\"https:\/\/prod.printsmilepro.ma\/?s={search_term_string}\"},\"query-input\":{\"@type\":\"PropertyValueSpecification\",\"valueRequired\":true,\"valueName\":\"search_term_string\"}}],\"inLanguage\":\"es\"},{\"@type\":\"Organization\",\"@id\":\"https:\/\/prod.printsmilepro.ma\/#organization\",\"name\":\"Print Smile Pro\",\"url\":\"https:\/\/prod.printsmilepro.ma\/\",\"logo\":{\"@type\":\"ImageObject\",\"inLanguage\":\"es\",\"@id\":\"https:\/\/prod.printsmilepro.ma\/#\/schema\/logo\/image\/\",\"url\":\"https:\/\/prod.printsmilepro.ma\/wp-content\/uploads\/2025\/05\/logo-2.png\",\"contentUrl\":\"https:\/\/prod.printsmilepro.ma\/wp-content\/uploads\/2025\/05\/logo-2.png\",\"width\":194,\"height\":80,\"caption\":\"Print Smile Pro\"},\"image\":{\"@id\":\"https:\/\/prod.printsmilepro.ma\/#\/schema\/logo\/image\/\"}}]}<\/script>\n<!-- \/ Yoast SEO plugin. -->","yoast_head_json":{"title":"Impression de Cartes de Visite \u00e0 Casablanca Maroc","description":"Print Smile Pro vous propose des services d'impression de cartes de visite de haute qualit\u00e9 \u00e0 Casablanca, Maroc. Personnalisez vos cartes pour laisser une impression durable et professionnelle.","robots":{"index":"noindex","follow":"follow","max-snippet":"max-snippet:-1","max-image-preview":"max-image-preview:large","max-video-preview":"max-video-preview:-1"},"og_locale":"es_ES","og_type":"article","og_title":"Impression de Cartes de Visite \u00e0 Casablanca Maroc","og_description":"Print Smile Pro vous propose des services d'impression de cartes de visite de haute qualit\u00e9 \u00e0 Casablanca, Maroc. Personnalisez vos cartes pour laisser une impression durable et professionnelle.","og_url":"https:\/\/prod.printsmilepro.ma\/es\/tarjetas-de-visita\/","og_site_name":"Print Smile Pro","article_modified_time":"2025-05-27T14:41:07+00:00","twitter_card":"summary_large_image","twitter_misc":{"Tiempo de lectura":"2 minutos"},"schema":{"@context":"https:\/\/schema.org","@graph":[{"@type":"WebPage","@id":"https:\/\/prod.printsmilepro.ma\/cartes-de-visite\/","url":"https:\/\/prod.printsmilepro.ma\/cartes-de-visite\/","name":"Impression de Cartes de Visite \u00e0 Casablanca Maroc","isPartOf":{"@id":"https:\/\/prod.printsmilepro.ma\/#website"},"datePublished":"2025-05-19T16:11:21+00:00","dateModified":"2025-05-27T14:41:07+00:00","description":"Print Smile Pro vous propose des services d'impression de cartes de visite de haute qualit\u00e9 \u00e0 Casablanca, Maroc. Personnalisez vos cartes pour laisser une impression durable et professionnelle.","breadcrumb":{"@id":"https:\/\/prod.printsmilepro.ma\/cartes-de-visite\/#breadcrumb"},"inLanguage":"es","potentialAction":[{"@type":"ReadAction","target":["https:\/\/prod.printsmilepro.ma\/cartes-de-visite\/"]}]},{"@type":"BreadcrumbList","@id":"https:\/\/prod.printsmilepro.ma\/cartes-de-visite\/#breadcrumb","itemListElement":[{"@type":"ListItem","position":1,"name":"Accueil","item":"https:\/\/prod.printsmilepro.ma\/"},{"@type":"ListItem","position":2,"name":"Cartes de Visite"}]},{"@type":"WebSite","@id":"https:\/\/prod.printsmilepro.ma\/#website","url":"https:\/\/prod.printsmilepro.ma\/","name":"Print Smile Pro","description":"Votre partenaire id\u00e9al pour la r\u00e9alisation de tous vos travaux d&#039;impression offset et num\u00e9rique","publisher":{"@id":"https:\/\/prod.printsmilepro.ma\/#organization"},"potentialAction":[{"@type":"SearchAction","target":{"@type":"EntryPoint","urlTemplate":"https:\/\/prod.printsmilepro.ma\/?s={search_term_string}"},"query-input":{"@type":"PropertyValueSpecification","valueRequired":true,"valueName":"search_term_string"}}],"inLanguage":"es"},{"@type":"Organization","@id":"https:\/\/prod.printsmilepro.ma\/#organization","name":"Print Smile Pro","url":"https:\/\/prod.printsmilepro.ma\/","logo":{"@type":"ImageObject","inLanguage":"es","@id":"https:\/\/prod.printsmilepro.ma\/#\/schema\/logo\/image\/","url":"https:\/\/prod.printsmilepro.ma\/wp-content\/uploads\/2025\/05\/logo-2.png","contentUrl":"https:\/\/prod.printsmilepro.ma\/wp-content\/uploads\/2025\/05\/logo-2.png","width":194,"height":80,"caption":"Print Smile Pro"},"image":{"@id":"https:\/\/prod.printsmilepro.ma\/#\/schema\/logo\/image\/"}}]}},"_links":{"self":[{"href":"https:\/\/prod.printsmilepro.ma\/es\/wp-json\/wp\/v2\/pages\/129","targetHints":{"allow":["GET"]}}],"collection":[{"href":"https:\/\/prod.printsmilepro.ma\/es\/wp-json\/wp\/v2\/pages"}],"about":[{"href":"https:\/\/prod.printsmilepro.ma\/es\/wp-json\/wp\/v2\/types\/page"}],"author":[{"embeddable":true,"href":"https:\/\/prod.printsmilepro.ma\/es\/wp-json\/wp\/v2\/users\/1"}],"replies":[{"embeddable":true,"href":"https:\/\/prod.printsmilepro.ma\/es\/wp-json\/wp\/v2\/comments?post=129"}],"version-history":[{"count":5,"href":"https:\/\/prod.printsmilepro.ma\/es\/wp-json\/wp\/v2\/pages\/129\/revisions"}],"predecessor-version":[{"id":238,"href":"https:\/\/prod.printsmilepro.ma\/es\/wp-json\/wp\/v2\/pages\/129\/revisions\/238"}],"wp:attachment":[{"href":"https:\/\/prod.printsmilepro.ma\/es\/wp-json\/wp\/v2\/media?parent=129"}],"curies":[{"name":"wp","href":"https:\/\/api.w.org\/{rel}","templated":true}]}}