{"id":381,"date":"2025-05-26T21:03:57","date_gmt":"2025-05-26T21:03:57","guid":{"rendered":"https:\/\/prod.printsmilepro.ma\/?page_id=381"},"modified":"2025-05-27T00:32:02","modified_gmt":"2025-05-27T00:32:02","slug":"pvc-cards","status":"publish","type":"page","link":"https:\/\/prod.printsmilepro.ma\/en\/pvc-cards\/","title":{"rendered":"PVC cards"},"content":{"rendered":"<div id=\"fws_69fe0fe9e4e24\"  data-column-margin=\"40px\" data-midnight=\"dark\"  class=\"wpb_row vc_row-fluid vc_row vc_row-o-equal-height vc_row-flex vc_row-o-content-middle  top_margin_40px bottom_margin_40px\"  style=\"padding-top: 0px; padding-bottom: 0px; \"><div class=\"row-bg-wrap\" data-bg-animation=\"none\" data-bg-animation-delay=\"\" data-bg-overlay=\"false\"><div class=\"inner-wrap row-bg-layer\" ><div class=\"row-bg viewport-desktop\"  style=\"\"><\/div><\/div><\/div><div class=\"row_col_wrap_12 col span_12 dark left\">\n\t<div  class=\"vc_col-sm-6 wpb_column column_container vc_column_container col no-extra-padding inherit_tablet inherit_phone\"  data-padding-pos=\"all\" data-has-bg-color=\"false\" data-bg-color=\"\" data-bg-opacity=\"1\" data-animation=\"\" data-delay=\"0\" >\n\t\t<div class=\"vc_column-inner\" >\n\t\t\t<div class=\"wpb_wrapper\">\n\t\t\t\t\n<div class=\"wpb_text_column wpb_content_element\" >\n\t<div class=\"wpb_wrapper\">\n\t\t<h2 class=\"AnswerParser_AnswerParserH4__ghxg8\"><strong>PVC cards<\/strong><\/h2>\n\t<\/div>\n<\/div>\n\n\n\n\n<div class=\"wpb_text_column wpb_content_element\" >\n\t<div class=\"wpb_wrapper\">\n\t\t<p>Visit\u00a0<strong>PVC cards<\/strong>\u00a0are rigid plastic media often used for a variety of applications, including ID cards, loyalty cards, access badges and membership cards. Made from polyvinyl chloride (PVC), these cards are durable, water-resistant and tear-resistant, making them ideal for everyday use. Their smooth surface enables high-quality printing, ensuring that designs and information remain clear and visible.<\/p>\n\t<\/div>\n<\/div>\n\n\n\n\n\t\t\t<\/div> \n\t\t<\/div>\n\t<\/div> \n\n\t<div  class=\"vc_col-sm-6 wpb_column column_container vc_column_container col no-extra-padding inherit_tablet inherit_phone\"  data-padding-pos=\"all\" data-has-bg-color=\"false\" data-bg-color=\"\" data-bg-opacity=\"1\" data-animation=\"\" data-delay=\"0\" >\n\t\t<div class=\"vc_column-inner\" >\n\t\t\t<div class=\"wpb_wrapper\">\n\t\t\t\t<div class=\"img-with-aniamtion-wrap\" data-max-width=\"100%\" data-max-width-mobile=\"default\" data-shadow=\"none\" data-animation=\"none\" >\n      <div class=\"inner\">\n        <div class=\"hover-wrap\"> \n          <div class=\"hover-wrap-inner\">\n            <img loading=\"lazy\" decoding=\"async\" class=\"img-with-animation skip-lazy\" data-delay=\"0\" height=\"704\" width=\"1024\" data-animation=\"none\" src=\"https:\/\/prod.printsmilepro.ma\/wp-content\/uploads\/2025\/05\/55-1.png\" alt=\"\" srcset=\"https:\/\/prod.printsmilepro.ma\/wp-content\/uploads\/2025\/05\/55-1.png 1024w, https:\/\/prod.printsmilepro.ma\/wp-content\/uploads\/2025\/05\/55-1-300x206.png 300w, https:\/\/prod.printsmilepro.ma\/wp-content\/uploads\/2025\/05\/55-1-768x528.png 768w\" sizes=\"auto, (max-width: 1024px) 100vw, 1024px\" \/>\n          <\/div>\n        <\/div>\n      <\/div>\n    <\/div>\n\t\t\t<\/div> \n\t\t<\/div>\n\t<\/div> \n<\/div><\/div>\n\t\t<div id=\"fws_69fe0fe9e52b3\"  data-column-margin=\"40px\" data-midnight=\"dark\"  class=\"wpb_row vc_row-fluid vc_row full-width-section vc_row-o-equal-height vc_row-flex vc_row-o-content-middle  top_margin_40px bottom_margin_40px\"  style=\"padding-top: 40px; padding-bottom: 40px; \"><div class=\"row-bg-wrap\" data-bg-animation=\"none\" data-bg-animation-delay=\"\" data-bg-overlay=\"false\"><div class=\"inner-wrap row-bg-layer\" ><div class=\"row-bg viewport-desktop using-bg-color\"  style=\"background-color: #d3d3d3; \"><\/div><\/div><\/div><div class=\"row_col_wrap_12 col span_12 dark left\">\n\t<div  class=\"vc_col-sm-6 wpb_column column_container vc_column_container col no-extra-padding inherit_tablet inherit_phone\"  data-padding-pos=\"all\" data-has-bg-color=\"false\" data-bg-color=\"\" data-bg-opacity=\"1\" data-animation=\"\" data-delay=\"0\" >\n\t\t<div class=\"vc_column-inner\" >\n\t\t\t<div class=\"wpb_wrapper\">\n\t\t\t\t<div class=\"img-with-aniamtion-wrap\" data-max-width=\"100%\" data-max-width-mobile=\"default\" data-shadow=\"none\" data-animation=\"none\" >\n      <div class=\"inner\">\n        <div class=\"hover-wrap\"> \n          <div class=\"hover-wrap-inner\">\n            <img loading=\"lazy\" decoding=\"async\" class=\"img-with-animation skip-lazy\" data-delay=\"0\" height=\"400\" width=\"680\" data-animation=\"none\" src=\"https:\/\/prod.printsmilepro.ma\/wp-content\/uploads\/2025\/05\/carte-visite-plastique-pvc-transparent-20.jpg\" alt=\"\" srcset=\"https:\/\/prod.printsmilepro.ma\/wp-content\/uploads\/2025\/05\/carte-visite-plastique-pvc-transparent-20.jpg 680w, https:\/\/prod.printsmilepro.ma\/wp-content\/uploads\/2025\/05\/carte-visite-plastique-pvc-transparent-20-300x176.jpg 300w\" sizes=\"auto, (max-width: 680px) 100vw, 680px\" \/>\n          <\/div>\n        <\/div>\n      <\/div>\n    <\/div>\n\t\t\t<\/div> \n\t\t<\/div>\n\t<\/div> \n\n\t<div  class=\"vc_col-sm-6 wpb_column column_container vc_column_container col no-extra-padding inherit_tablet inherit_phone\"  data-padding-pos=\"all\" data-has-bg-color=\"false\" data-bg-color=\"\" data-bg-opacity=\"1\" data-animation=\"\" data-delay=\"0\" >\n\t\t<div class=\"vc_column-inner\" >\n\t\t\t<div class=\"wpb_wrapper\">\n\t\t\t\t\n<div class=\"wpb_text_column wpb_content_element\" >\n\t<div class=\"wpb_wrapper\">\n\t\t<h2 class=\"AnswerParser_AnswerParserH4__ghxg8\"><strong>PVC cards<\/strong><\/h2>\n\t<\/div>\n<\/div>\n\n\n\n\n<div class=\"wpb_text_column wpb_content_element\" >\n\t<div class=\"wpb_wrapper\">\n\t\t<p>PVC cards are distinguished by their\u00a0<strong>durability<\/strong>\u00a0and their\u00a0<strong>flexibility<\/strong>. They can be produced in various thicknesses, typically between 0.5 mm and 1 mm, and are available in a range of finishes, including matte and gloss. What's more, they can be personalized with elements such as barcodes, QR codes, holograms or security features to prevent counterfeiting. Thanks to their durability, PVC cards retain their appearance and functionality even after prolonged use.<\/p>\n\t<\/div>\n<\/div>\n\n\n\n\n\t\t\t<\/div> \n\t\t<\/div>\n\t<\/div> \n<\/div><\/div>\n\t\t<div id=\"fws_69fe0fe9e55ee\"  data-column-margin=\"40px\" data-midnight=\"dark\"  class=\"wpb_row vc_row-fluid vc_row vc_row-o-equal-height vc_row-flex vc_row-o-content-middle  top_margin_40px bottom_margin_40px\"  style=\"padding-top: 0px; padding-bottom: 0px; \"><div class=\"row-bg-wrap\" data-bg-animation=\"none\" data-bg-animation-delay=\"\" data-bg-overlay=\"false\"><div class=\"inner-wrap row-bg-layer\" ><div class=\"row-bg viewport-desktop\"  style=\"\"><\/div><\/div><\/div><div class=\"row_col_wrap_12 col span_12 dark left\">\n\t<div  class=\"vc_col-sm-6 wpb_column column_container vc_column_container col no-extra-padding inherit_tablet inherit_phone\"  data-padding-pos=\"all\" data-has-bg-color=\"false\" data-bg-color=\"\" data-bg-opacity=\"1\" data-animation=\"\" data-delay=\"0\" >\n\t\t<div class=\"vc_column-inner\" >\n\t\t\t<div class=\"wpb_wrapper\">\n\t\t\t\t\n<div class=\"wpb_text_column wpb_content_element\" >\n\t<div class=\"wpb_wrapper\">\n\t\t<h2 class=\"AnswerParser_AnswerParserH4__ghxg8\"><strong>PVC cards<\/strong><\/h2>\n\t<\/div>\n<\/div>\n\n\n\n\n<div class=\"wpb_text_column wpb_content_element\" >\n\t<div class=\"wpb_wrapper\">\n\t\t<p data-start=\"147\" data-end=\"204\">PVC cards are widely used in a variety of sectors. In the commercial sector, they are often used as loyalty or gift cards, enabling companies to build customer loyalty. In the security sector, they are used as access badges to control entry to buildings or sensitive areas. They are also popular in the education sector for student ID cards and identifiers. In short, PVC cards offer a practical and aesthetic solution for a multitude of applications, combining functionality and design.<\/p>\n\t<\/div>\n<\/div>\n\n\n\n\n\t\t\t<\/div> \n\t\t<\/div>\n\t<\/div> \n\n\t<div  class=\"vc_col-sm-6 wpb_column column_container vc_column_container col no-extra-padding inherit_tablet inherit_phone\"  data-padding-pos=\"all\" data-has-bg-color=\"false\" data-bg-color=\"\" data-bg-opacity=\"1\" data-animation=\"\" data-delay=\"0\" >\n\t\t<div class=\"vc_column-inner\" >\n\t\t\t<div class=\"wpb_wrapper\">\n\t\t\t\t<div class=\"img-with-aniamtion-wrap\" data-max-width=\"100%\" data-max-width-mobile=\"default\" data-shadow=\"none\" data-animation=\"none\" >\n      <div class=\"inner\">\n        <div class=\"hover-wrap\"> \n          <div class=\"hover-wrap-inner\">\n            <img loading=\"lazy\" decoding=\"async\" class=\"img-with-animation skip-lazy\" data-delay=\"0\" height=\"313\" width=\"500\" data-animation=\"none\" src=\"https:\/\/prod.printsmilepro.ma\/wp-content\/uploads\/2025\/05\/Cartes-perso500.jpg\" alt=\"\" srcset=\"https:\/\/prod.printsmilepro.ma\/wp-content\/uploads\/2025\/05\/Cartes-perso500.jpg 500w, https:\/\/prod.printsmilepro.ma\/wp-content\/uploads\/2025\/05\/Cartes-perso500-300x188.jpg 300w\" sizes=\"auto, (max-width: 500px) 100vw, 500px\" \/>\n          <\/div>\n        <\/div>\n      <\/div>\n    <\/div>\n\t\t\t<\/div> \n\t\t<\/div>\n\t<\/div> \n<\/div><\/div>","protected":false},"excerpt":{"rendered":"Cartes PVC Les\u00a0cartes PVC\u00a0sont des supports en plastique rigide, souvent utilis\u00e9s pour une vari\u00e9t\u00e9 d'applications, notamment les cartes d'identit\u00e9, les cartes de fid\u00e9lit\u00e9, les badges d'acc\u00e8s et les cartes de...","protected":false},"author":1,"featured_media":0,"parent":0,"menu_order":0,"comment_status":"closed","ping_status":"closed","template":"","meta":{"_joinchat":[],"footnotes":""},"class_list":["post-381","page","type-page","status-publish"],"yoast_head":"<!-- This site is optimized with the Yoast SEO plugin v25.2 - https:\/\/yoast.com\/wordpress\/plugins\/seo\/ -->\n<title>Cartes PVC - Print Smile Pro<\/title>\n<meta name=\"robots\" content=\"noindex, follow, max-snippet:-1, max-image-preview:large, max-video-preview:-1\" \/>\n<meta property=\"og:locale\" content=\"en_US\" \/>\n<meta property=\"og:type\" content=\"article\" \/>\n<meta property=\"og:title\" content=\"Cartes PVC - Print Smile Pro\" \/>\n<meta property=\"og:url\" content=\"https:\/\/prod.printsmilepro.ma\/en\/pvc-cards\/\" \/>\n<meta property=\"og:site_name\" content=\"Print Smile Pro\" \/>\n<meta property=\"article:modified_time\" content=\"2025-05-27T00:32:02+00:00\" \/>\n<meta name=\"twitter:card\" content=\"summary_large_image\" \/>\n<meta name=\"twitter:label1\" content=\"Est. reading time\" \/>\n\t<meta name=\"twitter:data1\" content=\"6 minutes\" \/>\n<script type=\"application\/ld+json\" class=\"yoast-schema-graph\">{\"@context\":\"https:\/\/schema.org\",\"@graph\":[{\"@type\":\"WebPage\",\"@id\":\"https:\/\/prod.printsmilepro.ma\/cartes-pvc\/\",\"url\":\"https:\/\/prod.printsmilepro.ma\/cartes-pvc\/\",\"name\":\"Cartes PVC - Print Smile Pro\",\"isPartOf\":{\"@id\":\"https:\/\/prod.printsmilepro.ma\/#website\"},\"datePublished\":\"2025-05-26T21:03:57+00:00\",\"dateModified\":\"2025-05-27T00:32:02+00:00\",\"breadcrumb\":{\"@id\":\"https:\/\/prod.printsmilepro.ma\/cartes-pvc\/#breadcrumb\"},\"inLanguage\":\"en-US\",\"potentialAction\":[{\"@type\":\"ReadAction\",\"target\":[\"https:\/\/prod.printsmilepro.ma\/cartes-pvc\/\"]}]},{\"@type\":\"BreadcrumbList\",\"@id\":\"https:\/\/prod.printsmilepro.ma\/cartes-pvc\/#breadcrumb\",\"itemListElement\":[{\"@type\":\"ListItem\",\"position\":1,\"name\":\"Accueil\",\"item\":\"https:\/\/prod.printsmilepro.ma\/\"},{\"@type\":\"ListItem\",\"position\":2,\"name\":\"Cartes PVC\"}]},{\"@type\":\"WebSite\",\"@id\":\"https:\/\/prod.printsmilepro.ma\/#website\",\"url\":\"https:\/\/prod.printsmilepro.ma\/\",\"name\":\"Print Smile Pro\",\"description\":\"Votre partenaire id\u00e9al pour la r\u00e9alisation de tous vos travaux d&#039;impression offset et num\u00e9rique\",\"publisher\":{\"@id\":\"https:\/\/prod.printsmilepro.ma\/#organization\"},\"potentialAction\":[{\"@type\":\"SearchAction\",\"target\":{\"@type\":\"EntryPoint\",\"urlTemplate\":\"https:\/\/prod.printsmilepro.ma\/?s={search_term_string}\"},\"query-input\":{\"@type\":\"PropertyValueSpecification\",\"valueRequired\":true,\"valueName\":\"search_term_string\"}}],\"inLanguage\":\"en-US\"},{\"@type\":\"Organization\",\"@id\":\"https:\/\/prod.printsmilepro.ma\/#organization\",\"name\":\"Print Smile Pro\",\"url\":\"https:\/\/prod.printsmilepro.ma\/\",\"logo\":{\"@type\":\"ImageObject\",\"inLanguage\":\"en-US\",\"@id\":\"https:\/\/prod.printsmilepro.ma\/#\/schema\/logo\/image\/\",\"url\":\"https:\/\/prod.printsmilepro.ma\/wp-content\/uploads\/2025\/05\/logo-2.png\",\"contentUrl\":\"https:\/\/prod.printsmilepro.ma\/wp-content\/uploads\/2025\/05\/logo-2.png\",\"width\":194,\"height\":80,\"caption\":\"Print Smile Pro\"},\"image\":{\"@id\":\"https:\/\/prod.printsmilepro.ma\/#\/schema\/logo\/image\/\"}}]}<\/script>\n<!-- \/ Yoast SEO plugin. -->","yoast_head_json":{"title":"Cartes PVC - Print Smile Pro","robots":{"index":"noindex","follow":"follow","max-snippet":"max-snippet:-1","max-image-preview":"max-image-preview:large","max-video-preview":"max-video-preview:-1"},"og_locale":"en_US","og_type":"article","og_title":"Cartes PVC - Print Smile Pro","og_url":"https:\/\/prod.printsmilepro.ma\/en\/pvc-cards\/","og_site_name":"Print Smile Pro","article_modified_time":"2025-05-27T00:32:02+00:00","twitter_card":"summary_large_image","twitter_misc":{"Est. reading time":"6 minutes"},"schema":{"@context":"https:\/\/schema.org","@graph":[{"@type":"WebPage","@id":"https:\/\/prod.printsmilepro.ma\/cartes-pvc\/","url":"https:\/\/prod.printsmilepro.ma\/cartes-pvc\/","name":"Cartes PVC - Print Smile Pro","isPartOf":{"@id":"https:\/\/prod.printsmilepro.ma\/#website"},"datePublished":"2025-05-26T21:03:57+00:00","dateModified":"2025-05-27T00:32:02+00:00","breadcrumb":{"@id":"https:\/\/prod.printsmilepro.ma\/cartes-pvc\/#breadcrumb"},"inLanguage":"en-US","potentialAction":[{"@type":"ReadAction","target":["https:\/\/prod.printsmilepro.ma\/cartes-pvc\/"]}]},{"@type":"BreadcrumbList","@id":"https:\/\/prod.printsmilepro.ma\/cartes-pvc\/#breadcrumb","itemListElement":[{"@type":"ListItem","position":1,"name":"Accueil","item":"https:\/\/prod.printsmilepro.ma\/"},{"@type":"ListItem","position":2,"name":"Cartes PVC"}]},{"@type":"WebSite","@id":"https:\/\/prod.printsmilepro.ma\/#website","url":"https:\/\/prod.printsmilepro.ma\/","name":"Print Smile Pro","description":"Votre partenaire id\u00e9al pour la r\u00e9alisation de tous vos travaux d&#039;impression offset et num\u00e9rique","publisher":{"@id":"https:\/\/prod.printsmilepro.ma\/#organization"},"potentialAction":[{"@type":"SearchAction","target":{"@type":"EntryPoint","urlTemplate":"https:\/\/prod.printsmilepro.ma\/?s={search_term_string}"},"query-input":{"@type":"PropertyValueSpecification","valueRequired":true,"valueName":"search_term_string"}}],"inLanguage":"en-US"},{"@type":"Organization","@id":"https:\/\/prod.printsmilepro.ma\/#organization","name":"Print Smile Pro","url":"https:\/\/prod.printsmilepro.ma\/","logo":{"@type":"ImageObject","inLanguage":"en-US","@id":"https:\/\/prod.printsmilepro.ma\/#\/schema\/logo\/image\/","url":"https:\/\/prod.printsmilepro.ma\/wp-content\/uploads\/2025\/05\/logo-2.png","contentUrl":"https:\/\/prod.printsmilepro.ma\/wp-content\/uploads\/2025\/05\/logo-2.png","width":194,"height":80,"caption":"Print Smile Pro"},"image":{"@id":"https:\/\/prod.printsmilepro.ma\/#\/schema\/logo\/image\/"}}]}},"_links":{"self":[{"href":"https:\/\/prod.printsmilepro.ma\/en\/wp-json\/wp\/v2\/pages\/381","targetHints":{"allow":["GET"]}}],"collection":[{"href":"https:\/\/prod.printsmilepro.ma\/en\/wp-json\/wp\/v2\/pages"}],"about":[{"href":"https:\/\/prod.printsmilepro.ma\/en\/wp-json\/wp\/v2\/types\/page"}],"author":[{"embeddable":true,"href":"https:\/\/prod.printsmilepro.ma\/en\/wp-json\/wp\/v2\/users\/1"}],"replies":[{"embeddable":true,"href":"https:\/\/prod.printsmilepro.ma\/en\/wp-json\/wp\/v2\/comments?post=381"}],"version-history":[{"count":3,"href":"https:\/\/prod.printsmilepro.ma\/en\/wp-json\/wp\/v2\/pages\/381\/revisions"}],"predecessor-version":[{"id":486,"href":"https:\/\/prod.printsmilepro.ma\/en\/wp-json\/wp\/v2\/pages\/381\/revisions\/486"}],"wp:attachment":[{"href":"https:\/\/prod.printsmilepro.ma\/en\/wp-json\/wp\/v2\/media?parent=381"}],"curies":[{"name":"wp","href":"https:\/\/api.w.org\/{rel}","templated":true}]}}