{"id":347,"date":"2025-05-26T20:16:28","date_gmt":"2025-05-26T20:16:28","guid":{"rendered":"https:\/\/prod.printsmilepro.ma\/?page_id=347"},"modified":"2025-05-26T23:32:27","modified_gmt":"2025-05-26T23:32:27","slug":"decoration-evenementielle","status":"publish","type":"page","link":"https:\/\/prod.printsmilepro.ma\/en\/decoration-evenementielle\/","title":{"rendered":"Event Decoration"},"content":{"rendered":"<div id=\"fws_69fe119a945d5\"  data-column-margin=\"40px\" data-midnight=\"dark\"  class=\"wpb_row vc_row-fluid vc_row vc_row-o-equal-height vc_row-flex vc_row-o-content-middle  top_margin_40px bottom_margin_40px\"  style=\"padding-top: 0px; padding-bottom: 0px; \"><div class=\"row-bg-wrap\" data-bg-animation=\"none\" data-bg-animation-delay=\"\" data-bg-overlay=\"false\"><div class=\"inner-wrap row-bg-layer\" ><div class=\"row-bg viewport-desktop\"  style=\"\"><\/div><\/div><\/div><div class=\"row_col_wrap_12 col span_12 dark left\">\n\t<div  class=\"vc_col-sm-6 wpb_column column_container vc_column_container col no-extra-padding inherit_tablet inherit_phone\"  data-padding-pos=\"all\" data-has-bg-color=\"false\" data-bg-color=\"\" data-bg-opacity=\"1\" data-animation=\"\" data-delay=\"0\" >\n\t\t<div class=\"vc_column-inner\" >\n\t\t\t<div class=\"wpb_wrapper\">\n\t\t\t\t\n<div class=\"wpb_text_column wpb_content_element\" >\n\t<div class=\"wpb_wrapper\">\n\t\t<h2 class=\"AnswerParser_AnswerParserH4__ghxg8\"><strong>Event Decoration<\/strong><\/h2>\n\t<\/div>\n<\/div>\n\n\n\n\n<div class=\"wpb_text_column wpb_content_element\" >\n\t<div class=\"wpb_wrapper\">\n\t\t<p>La\u00a0<strong>d\u00e9coration \u00e9v\u00e9nementielle<\/strong>\u00a0est essentielle pour transformer un lieu en un espace m\u00e9morable et captivant. Que ce soit pour un mariage, un anniversaire, un lancement de produit ou un \u00e9v\u00e9nement d&rsquo;entreprise, la d\u00e9coration joue un r\u00f4le cl\u00e9 dans la cr\u00e9ation d&rsquo;une atmosph\u00e8re qui refl\u00e8te le th\u00e8me et l&rsquo;identit\u00e9 de l&rsquo;\u00e9v\u00e9nement.<\/p>\n\t<\/div>\n<\/div>\n\n\n\n\n\t\t\t<\/div> \n\t\t<\/div>\n\t<\/div> \n\n\t<div  class=\"vc_col-sm-6 wpb_column column_container vc_column_container col no-extra-padding inherit_tablet inherit_phone\"  data-padding-pos=\"all\" data-has-bg-color=\"false\" data-bg-color=\"\" data-bg-opacity=\"1\" data-animation=\"\" data-delay=\"0\" >\n\t\t<div class=\"vc_column-inner\" >\n\t\t\t<div class=\"wpb_wrapper\">\n\t\t\t\t<div class=\"img-with-aniamtion-wrap\" data-max-width=\"100%\" data-max-width-mobile=\"default\" data-shadow=\"none\" data-animation=\"none\" >\n      <div class=\"inner\">\n        <div class=\"hover-wrap\"> \n          <div class=\"hover-wrap-inner\">\n            <img loading=\"lazy\" decoding=\"async\" class=\"img-with-animation skip-lazy\" data-delay=\"0\" height=\"1707\" width=\"2560\" data-animation=\"none\" src=\"https:\/\/prod.printsmilepro.ma\/wp-content\/uploads\/2025\/05\/Decoration-evenementielle-toulouse-haute-garonne-occitanie-decoration-evenementiel-decoration-evenement-entreprise-decoration-anniversaire-decoration-mariage-scaled-2.jpg\" alt=\"\" srcset=\"https:\/\/prod.printsmilepro.ma\/wp-content\/uploads\/2025\/05\/Decoration-evenementielle-toulouse-haute-garonne-occitanie-decoration-evenementiel-decoration-evenement-entreprise-decoration-anniversaire-decoration-mariage-scaled-2.jpg 2560w, https:\/\/prod.printsmilepro.ma\/wp-content\/uploads\/2025\/05\/Decoration-evenementielle-toulouse-haute-garonne-occitanie-decoration-evenementiel-decoration-evenement-entreprise-decoration-anniversaire-decoration-mariage-scaled-2-300x200.jpg 300w, https:\/\/prod.printsmilepro.ma\/wp-content\/uploads\/2025\/05\/Decoration-evenementielle-toulouse-haute-garonne-occitanie-decoration-evenementiel-decoration-evenement-entreprise-decoration-anniversaire-decoration-mariage-scaled-2-1024x683.jpg 1024w, https:\/\/prod.printsmilepro.ma\/wp-content\/uploads\/2025\/05\/Decoration-evenementielle-toulouse-haute-garonne-occitanie-decoration-evenementiel-decoration-evenement-entreprise-decoration-anniversaire-decoration-mariage-scaled-2-768x512.jpg 768w, https:\/\/prod.printsmilepro.ma\/wp-content\/uploads\/2025\/05\/Decoration-evenementielle-toulouse-haute-garonne-occitanie-decoration-evenementiel-decoration-evenement-entreprise-decoration-anniversaire-decoration-mariage-scaled-2-1536x1024.jpg 1536w, https:\/\/prod.printsmilepro.ma\/wp-content\/uploads\/2025\/05\/Decoration-evenementielle-toulouse-haute-garonne-occitanie-decoration-evenementiel-decoration-evenement-entreprise-decoration-anniversaire-decoration-mariage-scaled-2-2048x1366.jpg 2048w, https:\/\/prod.printsmilepro.ma\/wp-content\/uploads\/2025\/05\/Decoration-evenementielle-toulouse-haute-garonne-occitanie-decoration-evenementiel-decoration-evenement-entreprise-decoration-anniversaire-decoration-mariage-scaled-2-900x600.jpg 900w\" sizes=\"auto, (max-width: 2560px) 100vw, 2560px\" \/>\n          <\/div>\n        <\/div>\n      <\/div>\n    <\/div>\n\t\t\t<\/div> \n\t\t<\/div>\n\t<\/div> \n<\/div><\/div>\n\t\t<div id=\"fws_69fe119a94f54\"  data-column-margin=\"40px\" data-midnight=\"dark\"  class=\"wpb_row vc_row-fluid vc_row full-width-section vc_row-o-equal-height vc_row-flex vc_row-o-content-middle  top_margin_40px bottom_margin_40px\"  style=\"padding-top: 40px; padding-bottom: 40px; \"><div class=\"row-bg-wrap\" data-bg-animation=\"none\" data-bg-animation-delay=\"\" data-bg-overlay=\"false\"><div class=\"inner-wrap row-bg-layer\" ><div class=\"row-bg viewport-desktop using-bg-color\"  style=\"background-color: #d3d3d3; \"><\/div><\/div><\/div><div class=\"row_col_wrap_12 col span_12 dark left\">\n\t<div  class=\"vc_col-sm-6 wpb_column column_container vc_column_container col no-extra-padding inherit_tablet inherit_phone\"  data-padding-pos=\"all\" data-has-bg-color=\"false\" data-bg-color=\"\" data-bg-opacity=\"1\" data-animation=\"\" data-delay=\"0\" >\n\t\t<div class=\"vc_column-inner\" >\n\t\t\t<div class=\"wpb_wrapper\">\n\t\t\t\t<div class=\"img-with-aniamtion-wrap\" data-max-width=\"100%\" data-max-width-mobile=\"default\" data-shadow=\"none\" data-animation=\"none\" >\n      <div class=\"inner\">\n        <div class=\"hover-wrap\"> \n          <div class=\"hover-wrap-inner\">\n            <img loading=\"lazy\" decoding=\"async\" class=\"img-with-animation skip-lazy\" data-delay=\"0\" height=\"1708\" width=\"2560\" data-animation=\"none\" src=\"https:\/\/prod.printsmilepro.ma\/wp-content\/uploads\/2025\/05\/wedding-table-decoration-2024-10-19-21-36-53-utc-scaled-1.jpg\" alt=\"\" srcset=\"https:\/\/prod.printsmilepro.ma\/wp-content\/uploads\/2025\/05\/wedding-table-decoration-2024-10-19-21-36-53-utc-scaled-1.jpg 2560w, https:\/\/prod.printsmilepro.ma\/wp-content\/uploads\/2025\/05\/wedding-table-decoration-2024-10-19-21-36-53-utc-scaled-1-300x200.jpg 300w, https:\/\/prod.printsmilepro.ma\/wp-content\/uploads\/2025\/05\/wedding-table-decoration-2024-10-19-21-36-53-utc-scaled-1-1024x683.jpg 1024w, https:\/\/prod.printsmilepro.ma\/wp-content\/uploads\/2025\/05\/wedding-table-decoration-2024-10-19-21-36-53-utc-scaled-1-768x512.jpg 768w, https:\/\/prod.printsmilepro.ma\/wp-content\/uploads\/2025\/05\/wedding-table-decoration-2024-10-19-21-36-53-utc-scaled-1-1536x1025.jpg 1536w, https:\/\/prod.printsmilepro.ma\/wp-content\/uploads\/2025\/05\/wedding-table-decoration-2024-10-19-21-36-53-utc-scaled-1-2048x1366.jpg 2048w, https:\/\/prod.printsmilepro.ma\/wp-content\/uploads\/2025\/05\/wedding-table-decoration-2024-10-19-21-36-53-utc-scaled-1-900x600.jpg 900w\" sizes=\"auto, (max-width: 2560px) 100vw, 2560px\" \/>\n          <\/div>\n        <\/div>\n      <\/div>\n    <\/div>\n\t\t\t<\/div> \n\t\t<\/div>\n\t<\/div> \n\n\t<div  class=\"vc_col-sm-6 wpb_column column_container vc_column_container col no-extra-padding inherit_tablet inherit_phone\"  data-padding-pos=\"all\" data-has-bg-color=\"false\" data-bg-color=\"\" data-bg-opacity=\"1\" data-animation=\"\" data-delay=\"0\" >\n\t\t<div class=\"vc_column-inner\" >\n\t\t\t<div class=\"wpb_wrapper\">\n\t\t\t\t\n<div class=\"wpb_text_column wpb_content_element\" >\n\t<div class=\"wpb_wrapper\">\n\t\t<h2 class=\"AnswerParser_AnswerParserH4__ghxg8\"><strong>Event Decoration<\/strong><\/h2>\n\t<\/div>\n<\/div>\n\n\n\n\n<div class=\"wpb_text_column wpb_content_element\" >\n\t<div class=\"wpb_wrapper\">\n\t\t<p><span class=\"AnswerParser_TextContainer__z_Iiv\" data-testid=\"youchat-text\">Les tendances de la d\u00e9coration \u00e9v\u00e9nementielle \u00e9voluent constamment. Actuellement, on observe une forte demande pour des th\u00e8mes\u00a0<strong>durables<\/strong>, int\u00e9grant des mat\u00e9riaux recycl\u00e9s et des \u00e9l\u00e9ments naturels comme des plantes et des fleurs. De plus, les\u00a0<strong>exp\u00e9riences immersives<\/strong>\u00a0gagnent en popularit\u00e9, utilisant des \u00e9l\u00e9ments interactifs et des technologies comme la r\u00e9alit\u00e9 augment\u00e9e pour plonger les invit\u00e9s dans un univers unique. Les\u00a0<strong>couleurs vives<\/strong>\u00a0and\u00a0<strong>motifs audacieux<\/strong>\u00a0sont \u00e9galement au c\u0153ur des tendances, permettant de cr\u00e9er des environnements visuellement stimulants.<\/span><\/p>\n\t<\/div>\n<\/div>\n\n\n\n\n\t\t\t<\/div> \n\t\t<\/div>\n\t<\/div> \n<\/div><\/div>\n\t\t<div id=\"fws_69fe119a952e3\"  data-column-margin=\"40px\" data-midnight=\"dark\"  class=\"wpb_row vc_row-fluid vc_row vc_row-o-equal-height vc_row-flex vc_row-o-content-middle  top_margin_40px bottom_margin_40px\"  style=\"padding-top: 0px; padding-bottom: 0px; \"><div class=\"row-bg-wrap\" data-bg-animation=\"none\" data-bg-animation-delay=\"\" data-bg-overlay=\"false\"><div class=\"inner-wrap row-bg-layer\" ><div class=\"row-bg viewport-desktop\"  style=\"\"><\/div><\/div><\/div><div class=\"row_col_wrap_12 col span_12 dark left\">\n\t<div  class=\"vc_col-sm-6 wpb_column column_container vc_column_container col no-extra-padding inherit_tablet inherit_phone\"  data-padding-pos=\"all\" data-has-bg-color=\"false\" data-bg-color=\"\" data-bg-opacity=\"1\" data-animation=\"\" data-delay=\"0\" >\n\t\t<div class=\"vc_column-inner\" >\n\t\t\t<div class=\"wpb_wrapper\">\n\t\t\t\t\n<div class=\"wpb_text_column wpb_content_element\" >\n\t<div class=\"wpb_wrapper\">\n\t\t<h2 class=\"AnswerParser_AnswerParserH4__ghxg8\"><strong>Event Decoration<\/strong><\/h2>\n\t<\/div>\n<\/div>\n\n\n\n\n<div class=\"wpb_text_column wpb_content_element\" >\n\t<div class=\"wpb_wrapper\">\n\t\t<p data-start=\"147\" data-end=\"204\"><span class=\"AnswerParser_TextContainer__z_Iiv\" data-testid=\"youchat-text\">Chaque \u00e9v\u00e9nement est unique, et la personnalisation est au c\u0153ur de la d\u00e9coration \u00e9v\u00e9nementielle. Les d\u00e9corateurs travaillent en \u00e9troite collaboration avec les clients pour concevoir des d\u00e9cors qui correspondent \u00e0 leurs visions. Cela inclut le choix des couleurs, des \u00e9l\u00e9ments d\u00e9coratifs et des th\u00e8mes sp\u00e9cifiques. La flexibilit\u00e9 est \u00e9galement essentielle, permettant d&rsquo;adapter les d\u00e9corations aux contraintes de l&rsquo;espace et aux pr\u00e9f\u00e9rences des clients.<\/span><\/p>\n\t<\/div>\n<\/div>\n\n\n\n\n\t\t\t<\/div> \n\t\t<\/div>\n\t<\/div> \n\n\t<div  class=\"vc_col-sm-6 wpb_column column_container vc_column_container col no-extra-padding inherit_tablet inherit_phone\"  data-padding-pos=\"all\" data-has-bg-color=\"false\" data-bg-color=\"\" data-bg-opacity=\"1\" data-animation=\"\" data-delay=\"0\" >\n\t\t<div class=\"vc_column-inner\" >\n\t\t\t<div class=\"wpb_wrapper\">\n\t\t\t\t<div class=\"img-with-aniamtion-wrap\" data-max-width=\"100%\" data-max-width-mobile=\"default\" data-shadow=\"none\" data-animation=\"none\" >\n      <div class=\"inner\">\n        <div class=\"hover-wrap\"> \n          <div class=\"hover-wrap-inner\">\n            <img loading=\"lazy\" decoding=\"async\" class=\"img-with-animation skip-lazy\" data-delay=\"0\" height=\"565\" width=\"848\" data-animation=\"none\" src=\"https:\/\/prod.printsmilepro.ma\/wp-content\/uploads\/2025\/05\/d5f82193bfc99a2abad6634a6b34a3d3.jpeg\" alt=\"\" srcset=\"https:\/\/prod.printsmilepro.ma\/wp-content\/uploads\/2025\/05\/d5f82193bfc99a2abad6634a6b34a3d3.jpeg 848w, https:\/\/prod.printsmilepro.ma\/wp-content\/uploads\/2025\/05\/d5f82193bfc99a2abad6634a6b34a3d3-300x200.jpeg 300w, https:\/\/prod.printsmilepro.ma\/wp-content\/uploads\/2025\/05\/d5f82193bfc99a2abad6634a6b34a3d3-768x512.jpeg 768w\" sizes=\"auto, (max-width: 848px) 100vw, 848px\" \/>\n          <\/div>\n        <\/div>\n      <\/div>\n    <\/div>\n\t\t\t<\/div> \n\t\t<\/div>\n\t<\/div> \n<\/div><\/div>","protected":false},"excerpt":{"rendered":"D\u00e9coration \u00c9v\u00e9nementielle La\u00a0d\u00e9coration \u00e9v\u00e9nementielle\u00a0est essentielle pour transformer un lieu en un espace m\u00e9morable et captivant. Que ce soit pour un mariage, un anniversaire, un lancement de produit ou un \u00e9v\u00e9nement...","protected":false},"author":1,"featured_media":0,"parent":0,"menu_order":0,"comment_status":"closed","ping_status":"closed","template":"","meta":{"_joinchat":[],"footnotes":""},"class_list":["post-347","page","type-page","status-publish"],"yoast_head":"<!-- This site is optimized with the Yoast SEO plugin v25.2 - https:\/\/yoast.com\/wordpress\/plugins\/seo\/ -->\n<title>D\u00e9coration \u00c9v\u00e9nementielle - Print Smile Pro<\/title>\n<meta name=\"robots\" content=\"noindex, follow, max-snippet:-1, max-image-preview:large, max-video-preview:-1\" \/>\n<meta property=\"og:locale\" content=\"en_US\" \/>\n<meta property=\"og:type\" content=\"article\" \/>\n<meta property=\"og:title\" content=\"D\u00e9coration \u00c9v\u00e9nementielle - Print Smile Pro\" \/>\n<meta property=\"og:url\" content=\"https:\/\/prod.printsmilepro.ma\/en\/decoration-evenementielle\/\" \/>\n<meta property=\"og:site_name\" content=\"Print Smile Pro\" \/>\n<meta property=\"article:modified_time\" content=\"2025-05-26T23:32:27+00:00\" \/>\n<meta name=\"twitter:card\" content=\"summary_large_image\" \/>\n<meta name=\"twitter:label1\" content=\"Est. reading time\" \/>\n\t<meta name=\"twitter:data1\" content=\"6 minutes\" \/>\n<script type=\"application\/ld+json\" class=\"yoast-schema-graph\">{\"@context\":\"https:\/\/schema.org\",\"@graph\":[{\"@type\":\"WebPage\",\"@id\":\"https:\/\/prod.printsmilepro.ma\/decoration-evenementielle\/\",\"url\":\"https:\/\/prod.printsmilepro.ma\/decoration-evenementielle\/\",\"name\":\"D\u00e9coration \u00c9v\u00e9nementielle - Print Smile Pro\",\"isPartOf\":{\"@id\":\"https:\/\/prod.printsmilepro.ma\/#website\"},\"datePublished\":\"2025-05-26T20:16:28+00:00\",\"dateModified\":\"2025-05-26T23:32:27+00:00\",\"breadcrumb\":{\"@id\":\"https:\/\/prod.printsmilepro.ma\/decoration-evenementielle\/#breadcrumb\"},\"inLanguage\":\"en-US\",\"potentialAction\":[{\"@type\":\"ReadAction\",\"target\":[\"https:\/\/prod.printsmilepro.ma\/decoration-evenementielle\/\"]}]},{\"@type\":\"BreadcrumbList\",\"@id\":\"https:\/\/prod.printsmilepro.ma\/decoration-evenementielle\/#breadcrumb\",\"itemListElement\":[{\"@type\":\"ListItem\",\"position\":1,\"name\":\"Accueil\",\"item\":\"https:\/\/prod.printsmilepro.ma\/\"},{\"@type\":\"ListItem\",\"position\":2,\"name\":\"D\u00e9coration \u00c9v\u00e9nementielle\"}]},{\"@type\":\"WebSite\",\"@id\":\"https:\/\/prod.printsmilepro.ma\/#website\",\"url\":\"https:\/\/prod.printsmilepro.ma\/\",\"name\":\"Print Smile Pro\",\"description\":\"Votre partenaire id\u00e9al pour la r\u00e9alisation de tous vos travaux d&#039;impression offset et num\u00e9rique\",\"publisher\":{\"@id\":\"https:\/\/prod.printsmilepro.ma\/#organization\"},\"potentialAction\":[{\"@type\":\"SearchAction\",\"target\":{\"@type\":\"EntryPoint\",\"urlTemplate\":\"https:\/\/prod.printsmilepro.ma\/?s={search_term_string}\"},\"query-input\":{\"@type\":\"PropertyValueSpecification\",\"valueRequired\":true,\"valueName\":\"search_term_string\"}}],\"inLanguage\":\"en-US\"},{\"@type\":\"Organization\",\"@id\":\"https:\/\/prod.printsmilepro.ma\/#organization\",\"name\":\"Print Smile Pro\",\"url\":\"https:\/\/prod.printsmilepro.ma\/\",\"logo\":{\"@type\":\"ImageObject\",\"inLanguage\":\"en-US\",\"@id\":\"https:\/\/prod.printsmilepro.ma\/#\/schema\/logo\/image\/\",\"url\":\"https:\/\/prod.printsmilepro.ma\/wp-content\/uploads\/2025\/05\/logo-2.png\",\"contentUrl\":\"https:\/\/prod.printsmilepro.ma\/wp-content\/uploads\/2025\/05\/logo-2.png\",\"width\":194,\"height\":80,\"caption\":\"Print Smile Pro\"},\"image\":{\"@id\":\"https:\/\/prod.printsmilepro.ma\/#\/schema\/logo\/image\/\"}}]}<\/script>\n<!-- \/ Yoast SEO plugin. -->","yoast_head_json":{"title":"D\u00e9coration \u00c9v\u00e9nementielle - Print Smile Pro","robots":{"index":"noindex","follow":"follow","max-snippet":"max-snippet:-1","max-image-preview":"max-image-preview:large","max-video-preview":"max-video-preview:-1"},"og_locale":"en_US","og_type":"article","og_title":"D\u00e9coration \u00c9v\u00e9nementielle - Print Smile Pro","og_url":"https:\/\/prod.printsmilepro.ma\/en\/decoration-evenementielle\/","og_site_name":"Print Smile Pro","article_modified_time":"2025-05-26T23:32:27+00:00","twitter_card":"summary_large_image","twitter_misc":{"Est. reading time":"6 minutes"},"schema":{"@context":"https:\/\/schema.org","@graph":[{"@type":"WebPage","@id":"https:\/\/prod.printsmilepro.ma\/decoration-evenementielle\/","url":"https:\/\/prod.printsmilepro.ma\/decoration-evenementielle\/","name":"D\u00e9coration \u00c9v\u00e9nementielle - Print Smile Pro","isPartOf":{"@id":"https:\/\/prod.printsmilepro.ma\/#website"},"datePublished":"2025-05-26T20:16:28+00:00","dateModified":"2025-05-26T23:32:27+00:00","breadcrumb":{"@id":"https:\/\/prod.printsmilepro.ma\/decoration-evenementielle\/#breadcrumb"},"inLanguage":"en-US","potentialAction":[{"@type":"ReadAction","target":["https:\/\/prod.printsmilepro.ma\/decoration-evenementielle\/"]}]},{"@type":"BreadcrumbList","@id":"https:\/\/prod.printsmilepro.ma\/decoration-evenementielle\/#breadcrumb","itemListElement":[{"@type":"ListItem","position":1,"name":"Accueil","item":"https:\/\/prod.printsmilepro.ma\/"},{"@type":"ListItem","position":2,"name":"D\u00e9coration \u00c9v\u00e9nementielle"}]},{"@type":"WebSite","@id":"https:\/\/prod.printsmilepro.ma\/#website","url":"https:\/\/prod.printsmilepro.ma\/","name":"Print Smile Pro","description":"Votre partenaire id\u00e9al pour la r\u00e9alisation de tous vos travaux d&#039;impression offset et num\u00e9rique","publisher":{"@id":"https:\/\/prod.printsmilepro.ma\/#organization"},"potentialAction":[{"@type":"SearchAction","target":{"@type":"EntryPoint","urlTemplate":"https:\/\/prod.printsmilepro.ma\/?s={search_term_string}"},"query-input":{"@type":"PropertyValueSpecification","valueRequired":true,"valueName":"search_term_string"}}],"inLanguage":"en-US"},{"@type":"Organization","@id":"https:\/\/prod.printsmilepro.ma\/#organization","name":"Print Smile Pro","url":"https:\/\/prod.printsmilepro.ma\/","logo":{"@type":"ImageObject","inLanguage":"en-US","@id":"https:\/\/prod.printsmilepro.ma\/#\/schema\/logo\/image\/","url":"https:\/\/prod.printsmilepro.ma\/wp-content\/uploads\/2025\/05\/logo-2.png","contentUrl":"https:\/\/prod.printsmilepro.ma\/wp-content\/uploads\/2025\/05\/logo-2.png","width":194,"height":80,"caption":"Print Smile Pro"},"image":{"@id":"https:\/\/prod.printsmilepro.ma\/#\/schema\/logo\/image\/"}}]}},"_links":{"self":[{"href":"https:\/\/prod.printsmilepro.ma\/en\/wp-json\/wp\/v2\/pages\/347","targetHints":{"allow":["GET"]}}],"collection":[{"href":"https:\/\/prod.printsmilepro.ma\/en\/wp-json\/wp\/v2\/pages"}],"about":[{"href":"https:\/\/prod.printsmilepro.ma\/en\/wp-json\/wp\/v2\/types\/page"}],"author":[{"embeddable":true,"href":"https:\/\/prod.printsmilepro.ma\/en\/wp-json\/wp\/v2\/users\/1"}],"replies":[{"embeddable":true,"href":"https:\/\/prod.printsmilepro.ma\/en\/wp-json\/wp\/v2\/comments?post=347"}],"version-history":[{"count":3,"href":"https:\/\/prod.printsmilepro.ma\/en\/wp-json\/wp\/v2\/pages\/347\/revisions"}],"predecessor-version":[{"id":425,"href":"https:\/\/prod.printsmilepro.ma\/en\/wp-json\/wp\/v2\/pages\/347\/revisions\/425"}],"wp:attachment":[{"href":"https:\/\/prod.printsmilepro.ma\/en\/wp-json\/wp\/v2\/media?parent=347"}],"curies":[{"name":"wp","href":"https:\/\/api.w.org\/{rel}","templated":true}]}}